{"id":11473,"date":"2017-02-09T09:43:46","date_gmt":"2017-02-09T08:43:46","guid":{"rendered":"https:\/\/grandhotel-alingsas.se\/moten\/alstromersalen\/"},"modified":"2025-07-08T14:31:58","modified_gmt":"2025-07-08T12:31:58","slug":"alstromersalen","status":"publish","type":"page","link":"https:\/\/grandhotel-alingsas.se\/en\/meetings\/alstromersalen\/","title":{"rendered":"Alstr\u00f6mersalen"},"content":{"rendered":"<p>[et_pb_section fb_built=&#8221;1&#8243; _builder_version=&#8221;4.16&#8243; global_colors_info=&#8221;{}&#8221;][et_pb_row _builder_version=&#8221;4.25.0&#8243; _module_preset=&#8221;default&#8221; global_colors_info=&#8221;{}&#8221;][et_pb_column type=&#8221;4_4&#8243; _builder_version=&#8221;4.25.0&#8243; _module_preset=&#8221;default&#8221; global_colors_info=&#8221;{}&#8221;][et_pb_image src=&#8221;https:\/\/grandhotel-alingsas.se\/wp-content\/uploads\/2025\/05\/alstromersalen_bio6-scaled.jpg&#8221; title_text=&#8221;alstro\u0308mersalen_bio6&#8243; align=&#8221;center&#8221; _builder_version=&#8221;4.27.2&#8243; _module_preset=&#8221;default&#8221; box_shadow_style=&#8221;preset1&#8243; global_colors_info=&#8221;{}&#8221;][\/et_pb_image][\/et_pb_column][\/et_pb_row][et_pb_row column_structure=&#8221;3_4,1_4&#8243; _builder_version=&#8221;4.16&#8243; global_colors_info=&#8221;{}&#8221;][et_pb_column type=&#8221;3_4&#8243; _builder_version=&#8221;4.16&#8243; custom_padding=&#8221;|||&#8221; global_colors_info=&#8221;{}&#8221; custom_padding__hover=&#8221;|||&#8221;][et_pb_text _builder_version=&#8221;4.27.2&#8243; background_size=&#8221;initial&#8221; background_position=&#8221;top_left&#8221; background_repeat=&#8221;repeat&#8221; hover_enabled=&#8221;0&#8243; global_colors_info=&#8221;{}&#8221; sticky_enabled=&#8221;0&#8243;]<\/p>\n<h2>Alstr\u00f6mersalen<\/h2>\n<p><strong>The pride of the hotel &#8211; the beautiful Alstr\u00f6mersalen with its five magnificent crystal chandeliers is the room of opportunity. It is used for elegant banquets, general meetings, work conferences, lectures and exhibitions. The room has a nice daylight and there is flexible lighting and the possibility of blackout.<\/strong><\/p>\n<p>The room is equipped with:<\/p>\n<ul>\n<li>Image projector and large screen<\/li>\n<li>Desktop computer<\/li>\n<li>Strong WIFI<\/li>\n<li>Sound system with hand-held<\/li>\n<li>microphones, headset, table microphones<\/li>\n<li>Hearing loop<\/li>\n<li>Prepared for video conferencing<\/li>\n<\/ul>\n<p><em>When Alings\u00e5s celebrated its 400th anniversary in 2019, the Duke and Duchess and Crown Princess Victoria and Prince Daniel were served lunch under the Crystal Chandeliers in Alstr\u00f6mersalen.<\/em><\/p>\n<p><em>Curiosity &#8211; At Alings\u00e5s&#8217; 375th anniversary, on September 21, 1994, a very formal lunch was held where Alings\u00e5s Municipality invited important guests from the municipality, the business community and the region. King Carl XVI Gustaf and Queen Silvia attended the celebration and appreciated the hotel&#8217;s service and the meal served here in the premises.<\/em><\/p>\n<p><em>25 years later, when Alings\u00e5s celebrated its 400th anniversary on September 21, 2019, a formal lunch was also held in Alstr\u00f6mersalen, where Alings\u00e5s Municipality and the Church of Sweden invited Crown Princess Victoria and Prince Daniel with around 70 other guests.<\/em><\/p>\n<p style=\"text-align: center;\"><em>__________________________________________________<\/em><\/p>\n<p><em> <\/em><\/p>\n<p><em>Alstr\u00f6mersalen is named after the town&#8217;s ancestor Jonas Alstr\u00f6mer, who according to history was the one who brought the potato to Sweden. You could also say that he was the one who laid the foundations for the textile town of Alings\u00e5s, which grew during the 17th and 19th centuries. In other words, our finest hall is named after one of the city&#8217;s most important people.<\/em><\/p>\n<p>[\/et_pb_text][\/et_pb_column][et_pb_column type=&#8221;1_4&#8243; _builder_version=&#8221;4.16&#8243; custom_padding=&#8221;|||&#8221; global_colors_info=&#8221;{}&#8221; custom_padding__hover=&#8221;|||&#8221;][et_pb_image _builder_version=&#8221;4.25.0&#8243; _module_preset=&#8221;default&#8221; global_colors_info=&#8221;{}&#8221;][\/et_pb_image][et_pb_image src=&#8221;https:\/\/grandhotel-alingsas.se\/wp-content\/uploads\/2025\/05\/alstr.salen_detalj-scaled.jpg&#8221; title_text=&#8221;alstr.salen_detalj&#8221; _builder_version=&#8221;4.27.2&#8243; _module_preset=&#8221;default&#8221; box_shadow_style=&#8221;preset1&#8243; global_colors_info=&#8221;{}&#8221;][\/et_pb_image][et_pb_image src=&#8221;https:\/\/grandhotel-alingsas.se\/wp-content\/uploads\/2025\/05\/alstr.salen_detalj1-scaled.jpg&#8221; title_text=&#8221;alstr.salen_detalj1&#8243; _builder_version=&#8221;4.27.2&#8243; _module_preset=&#8221;default&#8221; box_shadow_style=&#8221;preset1&#8243; global_colors_info=&#8221;{}&#8221;][\/et_pb_image][et_pb_image src=&#8221;https:\/\/grandhotel-alingsas.se\/wp-content\/uploads\/2025\/05\/trapphus_trappa.jpg&#8221; title_text=&#8221;trapphus_trappa&#8221; _builder_version=&#8221;4.27.2&#8243; _module_preset=&#8221;default&#8221; box_shadow_style=&#8221;preset1&#8243; global_colors_info=&#8221;{}&#8221;][\/et_pb_image][\/et_pb_column][\/et_pb_row][et_pb_row _builder_version=&#8221;4.25.0&#8243; _module_preset=&#8221;default&#8221; global_colors_info=&#8221;{}&#8221;][et_pb_column type=&#8221;4_4&#8243; _builder_version=&#8221;4.25.0&#8243; _module_preset=&#8221;default&#8221; global_colors_info=&#8221;{}&#8221;][et_pb_divider _builder_version=&#8221;4.25.0&#8243; _module_preset=&#8221;default&#8221; global_colors_info=&#8221;{}&#8221;][\/et_pb_divider][et_pb_text _builder_version=&#8221;4.27.2&#8243; _module_preset=&#8221;default&#8221; background_color=&#8221;#f4f4f4&#8243; global_colors_info=&#8221;{}&#8221;]<\/p>\n<p><strong>Kapacitet &amp; m\u00f6blering &#8211; Alstr\u00f6mersalen<\/strong><\/p>\n<div align=\"center\">\n<table class=\"alignleft\" border=\"0\" cellspacing=\"0\" cellpadding=\"0\">\n<tbody>\n<tr>\n<td width=\"20%\">Biosittning<\/td>\n<td width=\"20%\">220<\/td>\n<td width=\"20%\">Skolsittning<\/td>\n<td width=\"20%\">120<\/td>\n<td width=\"20%\">U-sittning<\/td>\n<td width=\"20%\">44<\/td>\n<\/tr>\n<tr>\n<td width=\"20%\">Runda bord 15 st<\/td>\n<td width=\"20%\">120<\/td>\n<td width=\"20%\">\u00d6ar 15 st<\/td>\n<td width=\"20%\">90 \/ 120<\/td>\n<td width=\"20%\">Storlek \u00a0 m2<\/td>\n<td width=\"20%\">177<\/td>\n<\/tr>\n<\/tbody>\n<\/table>\n<\/div>\n<p>&nbsp;<\/p>\n<p>&nbsp;<\/p>\n<p>[\/et_pb_text][et_pb_divider _builder_version=&#8221;4.25.0&#8243; _module_preset=&#8221;default&#8221; global_colors_info=&#8221;{}&#8221;][\/et_pb_divider][\/et_pb_column][\/et_pb_row][\/et_pb_section]<\/p>\n","protected":false},"excerpt":{"rendered":"<p>Alstr\u00f6mersalen The pride of the hotel &#8211; the beautiful Alstr\u00f6mersalen with its five magnificent crystal chandeliers is the room of opportunity. It is used for elegant banquets, general meetings, work [&hellip;]<\/p>\n","protected":false},"author":2,"featured_media":0,"parent":9592,"menu_order":0,"comment_status":"closed","ping_status":"closed","template":"","meta":{"_et_pb_use_builder":"on","_et_pb_old_content":"<h2>Alstr\u00f6mersalen<\/h2>\nHotellets stolthet \u2013 vackra Alstr\u00f6mersalen med sina fem pampiga kristallkronor \u00e4r m\u00f6jligheternas lokal. Den anv\u00e4nds till s\u00e5v\u00e4l flotta bankettmiddagar som bolagsst\u00e4mmor, arbetskonferenser, f\u00f6rel\u00e4sningar och utst\u00e4llningar. Lokalen har ett fint dagsljus och h\u00e4r finns flexibel ljuss\u00e4ttning samt m\u00f6jlighet till m\u00f6rkl\u00e4ggning.\n\n<strong>Lokalen \u00e4r utrustad med:<\/strong>\n<ul>\n \t<li>Bildprojektor med VGA, HDMI<\/li>\n \t<li>Station\u00e4r dator<\/li>\n \t<li>Starkt WIFI<\/li>\n \t<li>Ljudanl\u00e4ggning med handmikrofoner, headset, bordsmikrofoner<\/li>\n \t<li>H\u00f6rslinga<\/li>\n \t<li>Telefon med analog\/digital linje<\/li>\n \t<li>F\u00f6rberedd f\u00f6r videokonferens<\/li>\n<\/ul>\n<em>Kuriosa - Vid Alings\u00e5s 375 \u00e5rs jubileum, den 21 september 1994, h\u00f6lls en mycket h\u00f6gtidlig lunch d\u00e4r Alings\u00e5s Kommun bj\u00f6d in viktiga g\u00e4ster fr\u00e5n kommunen, n\u00e4ringslivet och regionen. Kung Carl XVI Gustaf och Drottning Silvia deltog i firandet och uppskattade hotellets service och den m\u00e5ltid som serverades h\u00e4r i lokalen.<\/em>\n\n<em>25 \u00e5r senare, N\u00e4r Alings\u00e5s firade 400 \u00e5r den 21 september 2019, h\u00f6lls det \u00e4ven d\u00e5 en h\u00f6gtidlig lunch i Alstr\u00f6mersalen d\u00e4r Alings\u00e5s Kommun och Svenska Kyrkan bj\u00f6d in Kronprinsessan Victoria och Prins Daniel med ca 70 \u00f6vriga g\u00e4ster.<\/em>\n\n<strong>\nKapacitet &amp; m\u00f6blering - Alstr\u00f6mersalen<\/strong>\n<div align=\"center\">\n<table class=\"alignleft\" border=\"0\" cellspacing=\"0\" cellpadding=\"0\">\n<tbody>\n<tr>\n<td width=\"20%\">Biosittning<\/td>\n<td width=\"20%\">220<\/td>\n<td width=\"20%\">Skolsittning<\/td>\n<td width=\"20%\">120<\/td>\n<td width=\"20%\">U-sittning<\/td>\n<td width=\"20%\">44<\/td>\n<\/tr>\n<tr>\n<td width=\"20%\">Runda bord 15 st<\/td>\n<td width=\"20%\">120<\/td>\n<td width=\"20%\">\u00d6ar 15 st<\/td>\n<td width=\"20%\">90 \/ 120<\/td>\n<td width=\"20%\">Storlek \u00a0 m2<\/td>\n<td width=\"20%\">177<\/td>\n<\/tr>\n<\/tbody>\n<\/table>\n<\/div>\n<img src=\"https:\/\/grandhotel-alingsas.se\/wp-content\/uploads\/2017\/02\/Grand_Hotel_Alingsas_M\u00f6blering.jpg\" alt=\"\" \/>\n\n<img src=\"https:\/\/grandhotel-alingsas.se\/wp-content\/uploads\/2017\/02\/Grand_Hotel_Alingsas_Ritning-Plan-1-Festvaning.jpg\" alt=\"\" \/>","_et_gb_content_width":"","footnotes":""},"_links":{"self":[{"href":"https:\/\/grandhotel-alingsas.se\/en\/wp-json\/wp\/v2\/pages\/11473"}],"collection":[{"href":"https:\/\/grandhotel-alingsas.se\/en\/wp-json\/wp\/v2\/pages"}],"about":[{"href":"https:\/\/grandhotel-alingsas.se\/en\/wp-json\/wp\/v2\/types\/page"}],"author":[{"embeddable":true,"href":"https:\/\/grandhotel-alingsas.se\/en\/wp-json\/wp\/v2\/users\/2"}],"replies":[{"embeddable":true,"href":"https:\/\/grandhotel-alingsas.se\/en\/wp-json\/wp\/v2\/comments?post=11473"}],"version-history":[{"count":1,"href":"https:\/\/grandhotel-alingsas.se\/en\/wp-json\/wp\/v2\/pages\/11473\/revisions"}],"predecessor-version":[{"id":11513,"href":"https:\/\/grandhotel-alingsas.se\/en\/wp-json\/wp\/v2\/pages\/11473\/revisions\/11513"}],"up":[{"embeddable":true,"href":"https:\/\/grandhotel-alingsas.se\/en\/wp-json\/wp\/v2\/pages\/9592"}],"wp:attachment":[{"href":"https:\/\/grandhotel-alingsas.se\/en\/wp-json\/wp\/v2\/media?parent=11473"}],"curies":[{"name":"wp","href":"https:\/\/api.w.org\/{rel}","templated":true}]}}