{"id":11475,"date":"2017-03-14T14:37:43","date_gmt":"2017-03-14T13:37:43","guid":{"rendered":"https:\/\/grandhotel-alingsas.se\/moten\/mjorn\/"},"modified":"2025-07-08T14:34:36","modified_gmt":"2025-07-08T12:34:36","slug":"mjorn","status":"publish","type":"page","link":"https:\/\/grandhotel-alingsas.se\/en\/meetings\/mjorn\/","title":{"rendered":"Mj\u00f6rn"},"content":{"rendered":"<p>[et_pb_section fb_built=&#8221;1&#8243; admin_label=&#8221;section&#8221; _builder_version=&#8221;4.16&#8243; global_colors_info=&#8221;{}&#8221;][et_pb_row _builder_version=&#8221;4.25.0&#8243; _module_preset=&#8221;default&#8221; global_colors_info=&#8221;{}&#8221;][et_pb_column type=&#8221;4_4&#8243; _builder_version=&#8221;4.25.0&#8243; _module_preset=&#8221;default&#8221; global_colors_info=&#8221;{}&#8221;][et_pb_image src=&#8221;https:\/\/grandhotel-alingsas.se\/wp-content\/uploads\/2025\/05\/Mjorn_head.jpg&#8221; title_text=&#8221;Mjo\u0308rn_head&#8221; _builder_version=&#8221;4.27.2&#8243; _module_preset=&#8221;default&#8221; box_shadow_style=&#8221;preset1&#8243; global_colors_info=&#8221;{}&#8221;][\/et_pb_image][\/et_pb_column][\/et_pb_row][et_pb_row column_structure=&#8221;2_3,1_3&#8243; admin_label=&#8221;row&#8221; _builder_version=&#8221;4.16&#8243; global_colors_info=&#8221;{}&#8221;][et_pb_column type=&#8221;2_3&#8243; _builder_version=&#8221;4.16&#8243; custom_padding=&#8221;|||&#8221; global_colors_info=&#8221;{}&#8221; custom_padding__hover=&#8221;|||&#8221;][et_pb_text admin_label=&#8221;Text&#8221; _builder_version=&#8221;4.27.2&#8243; background_size=&#8221;initial&#8221; background_position=&#8221;top_left&#8221; background_repeat=&#8221;repeat&#8221; hover_enabled=&#8221;0&#8243; global_colors_info=&#8221;{}&#8221; sticky_enabled=&#8221;0&#8243;]<\/p>\n<h2>Mj\u00f6rn<\/h2>\n<p><strong>On the second floor of our historic hotel there are four conference rooms. Three of the rooms are named after our nearby lakes, of which Lake Mj\u00f6rn is the largest. The lake is popular for swimming, boating and fishing.<\/strong><\/p>\n<p>At Grand, Mj\u00f6rn is a first-class conference room with an elegant atmosphere that is also suitable for a more intimate dinner. Three double doors to the foyer allow you to convert the room into three group rooms. The room has a nice daylight and there is flexible lighting and the possibility of blackout.<\/p>\n<p>The room is equipped with:<\/p>\n<ul>\n<li>Image projector<\/li>\n<li>Desktop computer<\/li>\n<li>Strong WIFI<\/li>\n<li>Sound system with handheld<\/li>\n<li>microphones, headset, table microphones<\/li>\n<li>Hearing loop<\/li>\n<li>Prepared for video conferencing<\/li>\n<\/ul>\n<p><em>Curiosity &#8211; During HM Queen Silvia&#8217;s visit to Alings\u00e5s on April 12, 2012, when the Queen also visited the hotel, a formal lunch was held here in the premises. The Queen gave the opening speech at an international conference on palliative care arranged by Alings\u00e5s Hospital. Other guests included County Governor Lars B\u00e4ckstr\u00f6m, representatives from Alings\u00e5s Municipality and Region V\u00e4stra G\u00f6taland.<\/em><\/p>\n<p><em>Also during Crown Princess Victoria&#8217;s official visit to Alings\u00e5s on September 21, 2004, a formal lunch was held here.<\/em><\/p>\n<p>[\/et_pb_text][\/et_pb_column][et_pb_column type=&#8221;1_3&#8243; _builder_version=&#8221;4.16&#8243; custom_padding=&#8221;|||&#8221; global_colors_info=&#8221;{}&#8221; custom_padding__hover=&#8221;|||&#8221;][et_pb_image src=&#8221;https:\/\/grandhotel-alingsas.se\/wp-content\/uploads\/2025\/05\/mjorn_kvadrat2.jpg&#8221; title_text=&#8221;mjo\u0308rn_kvadrat2&#8243; _builder_version=&#8221;4.27.2&#8243; _module_preset=&#8221;default&#8221; box_shadow_style=&#8221;preset1&#8243; global_colors_info=&#8221;{}&#8221;][\/et_pb_image][et_pb_image src=&#8221;https:\/\/grandhotel-alingsas.se\/wp-content\/uploads\/2024\/05\/amanda.png&#8221; title_text=&#8221;amanda&#8221; _builder_version=&#8221;4.25.0&#8243; _module_preset=&#8221;default&#8221; box_shadow_style=&#8221;preset1&#8243; global_colors_info=&#8221;{}&#8221;][\/et_pb_image][\/et_pb_column][\/et_pb_row][et_pb_row _builder_version=&#8221;4.25.0&#8243; _module_preset=&#8221;default&#8221; global_colors_info=&#8221;{}&#8221;][et_pb_column type=&#8221;4_4&#8243; _builder_version=&#8221;4.25.0&#8243; _module_preset=&#8221;default&#8221; global_colors_info=&#8221;{}&#8221;][et_pb_divider _builder_version=&#8221;4.25.0&#8243; _module_preset=&#8221;default&#8221; global_colors_info=&#8221;{}&#8221;][\/et_pb_divider][et_pb_text _builder_version=&#8221;4.25.0&#8243; _module_preset=&#8221;default&#8221; background_color=&#8221;#f4f4f4&#8243; global_colors_info=&#8221;{}&#8221;]<\/p>\n<p><strong>Kapacitet &amp; m\u00f6blering &#8211; Mj\u00f6rn<\/strong><\/p>\n<div align=\"center\">\n<table class=\"alignleft\" border=\"0\" cellspacing=\"0\" cellpadding=\"0\">\n<tbody>\n<tr>\n<td width=\"20%\">Biosittning<\/td>\n<td width=\"20%\">100<\/td>\n<td width=\"20%\">Skolsittning<\/td>\n<td width=\"20%\">80<\/td>\n<td width=\"20%\">U-sittning<\/td>\n<td width=\"20%\">36<\/td>\n<\/tr>\n<tr>\n<td width=\"20%\">Styrelsebord<\/td>\n<td width=\"20%\">&#8211;<\/td>\n<td width=\"20%\">\u00d6ar 9 st<\/td>\n<td width=\"20%\">54<\/td>\n<td width=\"20%\">Storlek \u00a0 m2<\/td>\n<td width=\"20%\">110<\/td>\n<\/tr>\n<\/tbody>\n<\/table>\n<\/div>\n<p><img decoding=\"async\" src=\"https:\/\/grandhotel-alingsas.se\/wp-content\/uploads\/2017\/02\/Grand_Hotel_Alingsas_M\u00f6blering.jpg\" alt=\"\" \/><\/p>\n<p>&nbsp;<\/p>\n<p>[\/et_pb_text][et_pb_divider _builder_version=&#8221;4.25.0&#8243; _module_preset=&#8221;default&#8221; global_colors_info=&#8221;{}&#8221;][\/et_pb_divider][\/et_pb_column][\/et_pb_row][\/et_pb_section]<\/p>\n","protected":false},"excerpt":{"rendered":"<p>Mj\u00f6rn On the second floor of our historic hotel there are four conference rooms. Three of the rooms are named after our nearby lakes, of which Lake Mj\u00f6rn is the [&hellip;]<\/p>\n","protected":false},"author":2,"featured_media":0,"parent":9592,"menu_order":0,"comment_status":"closed","ping_status":"closed","template":"","meta":{"_et_pb_use_builder":"on","_et_pb_old_content":"<h2>Mj\u00f6rn<\/h2>\nMj\u00f6rn, en f\u00f6rstklassig konferenslokal som med sin eleganta atmosf\u00e4r \u00e4ven l\u00e4mpar sig f\u00f6r en intimare middag. Tre dubbeld\u00f6rrar ut mot foaj\u00e9n g\u00f6r att man kan omvandla lokalen till tre grupprum.\u00a0Lokalen har ett fint dagsljus och h\u00e4r finns flexibel ljuss\u00e4ttning samt m\u00f6jlighet till m\u00f6rkl\u00e4ggning.\n\n<strong>Lokalen \u00e4r utrustad med:<\/strong>\n<ul>\n \t<li>Bildprojektor med VGA, HDMI<\/li>\n \t<li>Station\u00e4r dator<\/li>\n \t<li>Starkt WIFI<\/li>\n \t<li>Ljudanl\u00e4ggning med handmikrofoner, headset, bordsmikrofoner<\/li>\n \t<li>H\u00f6rslinga<\/li>\n \t<li>Telefon med analog\/digital linje<\/li>\n \t<li>F\u00f6rberedd f\u00f6r videokonferens<\/li>\n<\/ul>\n<em>Kuriosa \u2013 Vid HM Drottning Silvias bes\u00f6k i Alings\u00e5s den 12 april 2012 d\u00e5 Drottningen \u00e4ven bes\u00f6kte hotellet\u00a0h\u00f6lls en h\u00f6gtidlig lunch h\u00e4r i lokalen. Drottningen invigningstalade p\u00e5\u00a0en\u00a0<\/em><em>internationell konferens om Palliativ v\u00e5rd arrangerad av Alings\u00e5s Lasarett . \u00d6vriga g\u00e4ster var Landsh\u00f6vding Lars B\u00e4ckstr\u00f6m, representanter fr\u00e5n Alings\u00e5s Kommun och V\u00e4stra G\u00f6talandsregionen.<\/em>\n\n<em>\u00c4ven vid Kronprinsessan Victorias officiella bes\u00f6k i Alings\u00e5s 21 september 2004 h\u00f6lls en h\u00f6gtidlig lunch h\u00e4r.\n<\/em>\n\n<strong>Kapacitet &amp; m\u00f6blering - Mj\u00f6rn<\/strong>\n<div align=\"center\">\n<table class=\"alignleft\" border=\"0\" cellspacing=\"0\" cellpadding=\"0\">\n<tbody>\n<tr>\n<td width=\"20%\">Biosittning<\/td>\n<td width=\"20%\">100<\/td>\n<td width=\"20%\">Skolsittning<\/td>\n<td width=\"20%\">80<\/td>\n<td width=\"20%\">U-sittning<\/td>\n<td width=\"20%\">36<\/td>\n<\/tr>\n<tr>\n<td width=\"20%\">Styrelsebord<\/td>\n<td width=\"20%\">-<\/td>\n<td width=\"20%\">\u00d6ar 9 st<\/td>\n<td width=\"20%\">54<\/td>\n<td width=\"20%\">Storlek \u00a0 m2<\/td>\n<td width=\"20%\">110<\/td>\n<\/tr>\n<\/tbody>\n<\/table>\n<\/div>\n<img src=\"https:\/\/grandhotel-alingsas.se\/wp-content\/uploads\/2017\/02\/Grand_Hotel_Alingsas_M\u00f6blering.jpg\" alt=\"\" \/>\n\n<img src=\"https:\/\/grandhotel-alingsas.se\/wp-content\/uploads\/2017\/02\/Grand_Hotel_Alingsas_Ritning-Plan-1-Festvaning.jpg\" alt=\"\" \/>","_et_gb_content_width":"","footnotes":""},"_links":{"self":[{"href":"https:\/\/grandhotel-alingsas.se\/en\/wp-json\/wp\/v2\/pages\/11475"}],"collection":[{"href":"https:\/\/grandhotel-alingsas.se\/en\/wp-json\/wp\/v2\/pages"}],"about":[{"href":"https:\/\/grandhotel-alingsas.se\/en\/wp-json\/wp\/v2\/types\/page"}],"author":[{"embeddable":true,"href":"https:\/\/grandhotel-alingsas.se\/en\/wp-json\/wp\/v2\/users\/2"}],"replies":[{"embeddable":true,"href":"https:\/\/grandhotel-alingsas.se\/en\/wp-json\/wp\/v2\/comments?post=11475"}],"version-history":[{"count":1,"href":"https:\/\/grandhotel-alingsas.se\/en\/wp-json\/wp\/v2\/pages\/11475\/revisions"}],"predecessor-version":[{"id":11514,"href":"https:\/\/grandhotel-alingsas.se\/en\/wp-json\/wp\/v2\/pages\/11475\/revisions\/11514"}],"up":[{"embeddable":true,"href":"https:\/\/grandhotel-alingsas.se\/en\/wp-json\/wp\/v2\/pages\/9592"}],"wp:attachment":[{"href":"https:\/\/grandhotel-alingsas.se\/en\/wp-json\/wp\/v2\/media?parent=11475"}],"curies":[{"name":"wp","href":"https:\/\/api.w.org\/{rel}","templated":true}]}}