{"id":11476,"date":"2017-03-14T14:41:58","date_gmt":"2017-03-14T13:41:58","guid":{"rendered":"https:\/\/grandhotel-alingsas.se\/moten\/fargen\/"},"modified":"2025-07-08T14:38:53","modified_gmt":"2025-07-08T12:38:53","slug":"fargen","status":"publish","type":"page","link":"https:\/\/grandhotel-alingsas.se\/en\/meetings\/fargen\/","title":{"rendered":"F\u00e4rgen"},"content":{"rendered":"<p>[et_pb_section fb_built=&#8221;1&#8243; _builder_version=&#8221;4.24.3&#8243; _module_preset=&#8221;default&#8221; width=&#8221;100%&#8221; max_width=&#8221;100%&#8221; custom_margin=&#8221;0px||0px||true|false&#8221; custom_padding=&#8221;0px||0px||true|false&#8221; global_colors_info=&#8221;{}&#8221;][et_pb_row _builder_version=&#8221;4.24.3&#8243; _module_preset=&#8221;default&#8221; width=&#8221;100%&#8221; custom_margin=&#8221;-50px|auto||auto||&#8221; custom_padding=&#8221;73px||1px|||&#8221; global_colors_info=&#8221;{}&#8221;][et_pb_column type=&#8221;4_4&#8243; _builder_version=&#8221;4.24.3&#8243; _module_preset=&#8221;default&#8221; global_colors_info=&#8221;{}&#8221;][et_pb_image src=&#8221;https:\/\/grandhotel-alingsas.se\/wp-content\/uploads\/2025\/05\/fargen_25.jpg&#8221; title_text=&#8221;fa\u0308rgen_25&#8243; align=&#8221;center&#8221; _builder_version=&#8221;4.27.2&#8243; _module_preset=&#8221;default&#8221; width=&#8221;61%&#8221; max_width=&#8221;100%&#8221; box_shadow_style=&#8221;preset1&#8243; global_colors_info=&#8221;{}&#8221;][\/et_pb_image][\/et_pb_column][\/et_pb_row][et_pb_row column_structure=&#8221;2_3,1_3&#8243; _builder_version=&#8221;4.25.0&#8243; _module_preset=&#8221;default&#8221; width=&#8221;61.1%&#8221; min_height=&#8221;391px&#8221; global_colors_info=&#8221;{}&#8221;][et_pb_column type=&#8221;2_3&#8243; _builder_version=&#8221;4.25.0&#8243; _module_preset=&#8221;default&#8221; global_colors_info=&#8221;{}&#8221;][et_pb_text _builder_version=&#8221;4.27.2&#8243; _module_preset=&#8221;default&#8221; min_height=&#8221;324px&#8221; hover_enabled=&#8221;0&#8243; global_colors_info=&#8221;{}&#8221; sticky_enabled=&#8221;0&#8243;]<\/p>\n<h2>F\u00e4rgen<\/h2>\n<p><strong>The venue is named after one of our local lakes in the municipality. To be more precise, there are two lakes &#8211; Lilla and Stora F\u00e4rgen. At Stora F\u00e4rgen there is a campsite with a nice sandy beach with space for water play. Lilla F\u00e4rgen provides Alings\u00e5s residents with drinking water. When you hold a conference with us at Grand, the drinking water in our taps comes from this particular lake.<\/strong><\/p>\n<p>The F\u00e4rgen room is one of our more intimate rooms and is suitable for a smaller board meeting or as a group work room next to Anten or Mj\u00f6rn. The room has a lovely daylight but there is the possibility of sun protection and blackout, located near reception. There is a fixed image projector.<\/p>\n<p><strong>The room is equipped with:<\/p>\n<p><\/strong><\/p>\n<ul>\n<li>LCD screen<\/li>\n<li>Speakers<\/li>\n<li>WIFI<\/li>\n<li>Prepared for video conferencing<\/li>\n<\/ul>\n<p>[\/et_pb_text][\/et_pb_column][et_pb_column type=&#8221;1_3&#8243; _builder_version=&#8221;4.25.0&#8243; _module_preset=&#8221;default&#8221; global_colors_info=&#8221;{}&#8221;][et_pb_image src=&#8221;https:\/\/grandhotel-alingsas.se\/wp-content\/uploads\/2025\/05\/fargen_25b-scaled.jpg&#8221; title_text=&#8221;fa\u0308rgen_25b&#8221; align=&#8221;right&#8221; _builder_version=&#8221;4.27.2&#8243; _module_preset=&#8221;default&#8221; width=&#8221;80%&#8221; animation_style=&#8221;slide&#8221; box_shadow_style=&#8221;preset1&#8243; global_colors_info=&#8221;{}&#8221;][\/et_pb_image][et_pb_image src=&#8221;https:\/\/grandhotel-alingsas.se\/wp-content\/uploads\/2025\/05\/fargen_25c.jpg&#8221; title_text=&#8221;fa\u0308rgen_25c&#8221; align=&#8221;right&#8221; _builder_version=&#8221;4.27.2&#8243; _module_preset=&#8221;default&#8221; width=&#8221;80%&#8221; animation_style=&#8221;slide&#8221; box_shadow_style=&#8221;preset1&#8243; global_colors_info=&#8221;{}&#8221;][\/et_pb_image][\/et_pb_column][\/et_pb_row][et_pb_row _builder_version=&#8221;4.25.0&#8243; _module_preset=&#8221;default&#8221; global_colors_info=&#8221;{}&#8221;][et_pb_column type=&#8221;4_4&#8243; _builder_version=&#8221;4.25.0&#8243; _module_preset=&#8221;default&#8221; global_colors_info=&#8221;{}&#8221;][et_pb_divider _builder_version=&#8221;4.25.0&#8243; _module_preset=&#8221;default&#8221; global_colors_info=&#8221;{}&#8221;][\/et_pb_divider][\/et_pb_column][\/et_pb_row][et_pb_row admin_label=&#8221;Kapacitet&#8221; _builder_version=&#8221;4.25.0&#8243; _module_preset=&#8221;default&#8221; custom_padding=&#8221;1px||4px|||&#8221; global_colors_info=&#8221;{}&#8221;][et_pb_column type=&#8221;4_4&#8243; _builder_version=&#8221;4.25.0&#8243; _module_preset=&#8221;default&#8221; global_colors_info=&#8221;{}&#8221;][et_pb_text _builder_version=&#8221;4.25.0&#8243; _module_preset=&#8221;default&#8221; background_color=&#8221;#f4f4f4&#8243; global_colors_info=&#8221;{}&#8221;]<\/p>\n<p><strong>Kapacitet &amp; m\u00f6blering &#8211; F\u00e4rgen<\/strong><\/p>\n<div align=\"center\">\n<table class=\"alignleft\" border=\"0\" cellspacing=\"0\" cellpadding=\"0\">\n<tbody>\n<tr>\n<td width=\"20%\">Biosittning<\/td>\n<td width=\"20%\">20<\/td>\n<td width=\"20%\">Skolsittning<\/td>\n<td width=\"20%\">16<\/td>\n<td width=\"20%\">U-sittning<\/td>\n<td width=\"20%\">16<\/td>\n<\/tr>\n<tr>\n<td width=\"20%\">Styrelsebord<\/td>\n<td width=\"20%\">14<\/td>\n<td width=\"20%\">\u00d6ar 5 st<\/td>\n<td width=\"20%\">12<\/td>\n<td width=\"20%\">Storlek \u00a0 m2<\/td>\n<td width=\"20%\">35<\/td>\n<\/tr>\n<\/tbody>\n<\/table>\n<\/div>\n<p><img decoding=\"async\" src=\"https:\/\/grandhotel-alingsas.se\/wp-content\/uploads\/2017\/02\/Grand_Hotel_Alingsas_M\u00f6blering.jpg\" alt=\"\" \/><\/p>\n<p>[\/et_pb_text][et_pb_divider _builder_version=&#8221;4.25.0&#8243; _module_preset=&#8221;default&#8221; global_colors_info=&#8221;{}&#8221;][\/et_pb_divider][\/et_pb_column][\/et_pb_row][\/et_pb_section]<\/p>\n","protected":false},"excerpt":{"rendered":"<p>F\u00e4rgen The venue is named after one of our local lakes in the municipality. To be more precise, there are two lakes &#8211; Lilla and Stora F\u00e4rgen. At Stora F\u00e4rgen [&hellip;]<\/p>\n","protected":false},"author":2,"featured_media":0,"parent":9592,"menu_order":0,"comment_status":"closed","ping_status":"closed","template":"","meta":{"_et_pb_use_builder":"on","_et_pb_old_content":"<h2>F\u00e4rgen<\/h2>\nF\u00e4rgen \u00e4r en av v\u00e5ra intimare lokaler och l\u00e4mpar sig f\u00f6r ett mindre styrelsem\u00f6te eller som grupparbetsrum bredvid Anten eller Mj\u00f6rn. Lokalen har ett h\u00e4rligt dagsljus men det finns m\u00f6jlighet till solavsk\u00e4rmning och m\u00f6rkl\u00e4ggning, ligger n\u00e4ra reception. H\u00e4r finns fast monterad bildprojektor.\n\n<strong>Lokalen \u00e4r utrustad med:<\/strong>\n<ul>\n \t<li>Bildprojektor med VGA och HDMI<\/li>\n \t<li>H\u00f6gtalare<\/li>\n \t<li>WIFI<\/li>\n \t<li>Telefon med analog\/digital linje<\/li>\n \t<li>F\u00f6rberedd f\u00f6r videokonferens<\/li>\n<\/ul>\n<strong>Kapacitet &amp; m\u00f6blering - F\u00e4rgen<\/strong>\n<div align=\"center\">\n<table class=\"alignleft\" border=\"0\" cellspacing=\"0\" cellpadding=\"0\">\n<tbody>\n<tr>\n<td width=\"20%\">Biosittning<\/td>\n<td width=\"20%\">20<\/td>\n<td width=\"20%\">Skolsittning<\/td>\n<td width=\"20%\">16<\/td>\n<td width=\"20%\">U-sittning<\/td>\n<td width=\"20%\">16<\/td>\n<\/tr>\n<tr>\n<td width=\"20%\">Styrelsebord<\/td>\n<td width=\"20%\">14<\/td>\n<td width=\"20%\">\u00d6ar 5 st<\/td>\n<td width=\"20%\">12<\/td>\n<td width=\"20%\">Storlek \u00a0 m2<\/td>\n<td width=\"20%\">35<\/td>\n<\/tr>\n<\/tbody>\n<\/table>\n<\/div>\n<img src=\"https:\/\/grandhotel-alingsas.se\/wp-content\/uploads\/2017\/02\/Grand_Hotel_Alingsas_M\u00f6blering.jpg\" alt=\"\" \/>\n\n<img src=\"https:\/\/grandhotel-alingsas.se\/wp-content\/uploads\/2017\/02\/Grand_Hotel_Alingsas_Ritning-Plan-1-Festvaning.jpg\" alt=\"\" \/>","_et_gb_content_width":"","footnotes":""},"_links":{"self":[{"href":"https:\/\/grandhotel-alingsas.se\/en\/wp-json\/wp\/v2\/pages\/11476"}],"collection":[{"href":"https:\/\/grandhotel-alingsas.se\/en\/wp-json\/wp\/v2\/pages"}],"about":[{"href":"https:\/\/grandhotel-alingsas.se\/en\/wp-json\/wp\/v2\/types\/page"}],"author":[{"embeddable":true,"href":"https:\/\/grandhotel-alingsas.se\/en\/wp-json\/wp\/v2\/users\/2"}],"replies":[{"embeddable":true,"href":"https:\/\/grandhotel-alingsas.se\/en\/wp-json\/wp\/v2\/comments?post=11476"}],"version-history":[{"count":1,"href":"https:\/\/grandhotel-alingsas.se\/en\/wp-json\/wp\/v2\/pages\/11476\/revisions"}],"predecessor-version":[{"id":11517,"href":"https:\/\/grandhotel-alingsas.se\/en\/wp-json\/wp\/v2\/pages\/11476\/revisions\/11517"}],"up":[{"embeddable":true,"href":"https:\/\/grandhotel-alingsas.se\/en\/wp-json\/wp\/v2\/pages\/9592"}],"wp:attachment":[{"href":"https:\/\/grandhotel-alingsas.se\/en\/wp-json\/wp\/v2\/media?parent=11476"}],"curies":[{"name":"wp","href":"https:\/\/api.w.org\/{rel}","templated":true}]}}