{"id":11478,"date":"2017-03-14T14:34:58","date_gmt":"2017-03-14T13:34:58","guid":{"rendered":"https:\/\/grandhotel-alingsas.se\/moten\/jonas-horna\/"},"modified":"2025-07-08T14:41:44","modified_gmt":"2025-07-08T12:41:44","slug":"jonas-horna","status":"publish","type":"page","link":"https:\/\/grandhotel-alingsas.se\/en\/meetings\/jonas-horna\/","title":{"rendered":"Jonas H\u00f6rna"},"content":{"rendered":"<p>[et_pb_section fb_built=&#8221;1&#8243; _builder_version=&#8221;4.16&#8243; global_colors_info=&#8221;{}&#8221;][et_pb_row _builder_version=&#8221;4.25.0&#8243; _module_preset=&#8221;default&#8221; global_colors_info=&#8221;{}&#8221;][et_pb_column type=&#8221;4_4&#8243; _builder_version=&#8221;4.25.0&#8243; _module_preset=&#8221;default&#8221; global_colors_info=&#8221;{}&#8221;][et_pb_image src=&#8221;https:\/\/grandhotel-alingsas.se\/wp-content\/uploads\/2025\/05\/jonashorna_25-1.jpg&#8221; title_text=&#8221;jonasho\u0308rna_25&#8243; _builder_version=&#8221;4.27.2&#8243; _module_preset=&#8221;default&#8221; box_shadow_style=&#8221;preset1&#8243; global_colors_info=&#8221;{}&#8221;][\/et_pb_image][\/et_pb_column][\/et_pb_row][et_pb_row column_structure=&#8221;2_3,1_3&#8243; _builder_version=&#8221;4.25.0&#8243; _module_preset=&#8221;default&#8221; global_colors_info=&#8221;{}&#8221;][et_pb_column type=&#8221;2_3&#8243; _builder_version=&#8221;4.25.0&#8243; _module_preset=&#8221;default&#8221; global_colors_info=&#8221;{}&#8221;][et_pb_text _builder_version=&#8221;4.27.2&#8243; _module_preset=&#8221;default&#8221; hover_enabled=&#8221;0&#8243; global_colors_info=&#8221;{}&#8221; sticky_enabled=&#8221;0&#8243;]<\/p>\n<h2>Jonas H\u00f6rna<\/h2>\n<p><strong>Our best room for Board meetings is Jonas H\u00f6rna. It is located on the ground floor close to the hotel reception and dining room. The room has a lovely view of Museiparken and Lilla Torget.<\/strong><\/p>\n<p>Here it is quiet and you can work completely undisturbed in a nice environment. The room is furnished with a boardroom table and 12 comfortable chairs. There is plenty of natural light, LCD TV screen. There are also traces of the owner family&#8217;s great interest in music &#8211; Play away if you want break music during coffee.<\/p>\n<p><strong>The room is equipped with:<\/strong><\/p>\n<ul>\n<li>LCD screen<\/li>\n<li>WIFI<\/li>\n<li>Speakers<\/li>\n<li>Prepared for video conferencing<\/li>\n<\/ul>\n<p><em>Curiosities &#8211; Jonas H\u00f6rna is named after the city&#8217;s great pride Jonas Alstr\u00f6mer, who brought potatoes to Sweden and laid the foundation for the Swedish textile industry. The building in the museum park is Alstr\u00f6merska Magasinet, the city&#8217;s oldest secular building from the 1750s.<\/em><\/p>\n<p><em>During the filming of the movie \u201cMin pappa Marianne\u201d with Rolf Lassg\u00e5rd and Hedda Stiernstedt in the main roles, the room was a make-up room for the actors.<\/em><\/p>\n<p>[\/et_pb_text][\/et_pb_column][et_pb_column type=&#8221;1_3&#8243; _builder_version=&#8221;4.25.0&#8243; _module_preset=&#8221;default&#8221; global_colors_info=&#8221;{}&#8221;][et_pb_image src=&#8221;https:\/\/grandhotel-alingsas.se\/wp-content\/uploads\/2024\/05\/Jonas_Horna_kvadrat_liten.png&#8221; title_text=&#8221;Jonas_H\u00f6rna_kvadrat_liten&#8221; _builder_version=&#8221;4.25.0&#8243; _module_preset=&#8221;default&#8221; box_shadow_style=&#8221;preset1&#8243; global_colors_info=&#8221;{}&#8221;][\/et_pb_image][et_pb_image src=&#8221;https:\/\/grandhotel-alingsas.se\/wp-content\/uploads\/2025\/05\/jonashorna_25a-scaled.jpg&#8221; title_text=&#8221;jonasho\u0308rna_25a&#8221; _builder_version=&#8221;4.27.2&#8243; _module_preset=&#8221;default&#8221; global_colors_info=&#8221;{}&#8221;][\/et_pb_image][\/et_pb_column][\/et_pb_row][et_pb_row _builder_version=&#8221;4.25.0&#8243; _module_preset=&#8221;default&#8221; global_colors_info=&#8221;{}&#8221;][et_pb_column type=&#8221;4_4&#8243; _builder_version=&#8221;4.25.0&#8243; _module_preset=&#8221;default&#8221; global_colors_info=&#8221;{}&#8221;][et_pb_divider _builder_version=&#8221;4.25.0&#8243; _module_preset=&#8221;default&#8221; global_colors_info=&#8221;{}&#8221;][\/et_pb_divider][\/et_pb_column][\/et_pb_row][et_pb_row _builder_version=&#8221;4.16&#8243; global_colors_info=&#8221;{}&#8221;][et_pb_column type=&#8221;4_4&#8243; _builder_version=&#8221;4.16&#8243; custom_padding=&#8221;|||&#8221; global_colors_info=&#8221;{}&#8221; custom_padding__hover=&#8221;|||&#8221;][et_pb_text _builder_version=&#8221;4.25.0&#8243; background_color=&#8221;#f4f4f4&#8243; background_size=&#8221;initial&#8221; background_position=&#8221;top_left&#8221; background_repeat=&#8221;repeat&#8221; global_colors_info=&#8221;{}&#8221;]<\/p>\n<p><strong>Kapacitet &amp; m\u00f6blering &#8211; Jonas H\u00f6rna<br \/><\/strong><span style=\"font-size: revert;\">Styrelsebord \u00a0 \u00a0 \u00a0 \u00a012 \u00a0 \u00a0 \u00a0 \u00a0 \u00a0 \u00a0 \u00a0 \u00a0 \u00a0 \u00a0 \u00a0 \u00a0 \u00a0 \u00a0Storlek \u00a0 m2 \u00a0 \u00a0 \u00a0\u00a039<\/span><\/p>\n<p>[\/et_pb_text][\/et_pb_column][\/et_pb_row][\/et_pb_section]<\/p>\n","protected":false},"excerpt":{"rendered":"<p>Jonas H\u00f6rna Our best room for Board meetings is Jonas H\u00f6rna. It is located on the ground floor close to the hotel reception and dining room. The room has a [&hellip;]<\/p>\n","protected":false},"author":2,"featured_media":0,"parent":9592,"menu_order":0,"comment_status":"closed","ping_status":"closed","template":"","meta":{"_et_pb_use_builder":"on","_et_pb_old_content":"<h2>Jonas H\u00f6rna<\/h2>\nV\u00e5r b\u00e4sta lokal f\u00f6r styrelsem\u00f6ten \u00e4r Jonas H\u00f6rna. Den \u00e4r bel\u00e4gen p\u00e5 entr\u00e9plan n\u00e4ra till hotellets reception och matsal. Rummet har en ljuvlig utsikt mot Museiparken och Lilla Torget. H\u00e4r \u00e4r det lugnt och man kan jobba totalt ost\u00f6rt i sk\u00f6n milj\u00f6. Lokalen \u00e4r m\u00f6blerad med ett styrelsebord och 12 bekv\u00e4ma stolar. H\u00e4r finns en fast monterad bildprojektor med h\u00f6gtalare.\n\n<strong>Lokalen \u00e4r utrustad med:<\/strong>\n<ul>\n \t<li>Bildprojektor med VGA och HDMI<\/li>\n \t<li>WIFI<\/li>\n \t<li>H\u00f6gtalare<\/li>\n \t<li>Telefon med analog\/digital linje<\/li>\n \t<li>F\u00f6rberedd f\u00f6r videokonferens<\/li>\n<\/ul>\n<em>Kuriosa - Jonas H\u00f6rna \u00e4r namngiven efter stadens stora stolthet Jonas Alstr\u00f6mer som dels tog potatisen till Sverige och lade grunden f\u00f6r svensk textilindustri. Byggnaden i museiparken \u00e4r Alstr\u00f6merska Magasinet, stadens \u00e4ldsta profana byggnad fr\u00e5n 1750-talet.<\/em>\n\n<strong>Kapacitet &amp; m\u00f6blering - Jonas H\u00f6rna\n<\/strong><span style=\"font-size: revert;\">Styrelsebord \u00a0 \u00a0 \u00a0 \u00a012 \u00a0 \u00a0 \u00a0 \u00a0 \u00a0 \u00a0 \u00a0 \u00a0 \u00a0 \u00a0 \u00a0 \u00a0 \u00a0 \u00a0Storlek \u00a0 m2 \u00a0 \u00a0 \u00a0\u00a039<\/span>","_et_gb_content_width":"","footnotes":""},"_links":{"self":[{"href":"https:\/\/grandhotel-alingsas.se\/en\/wp-json\/wp\/v2\/pages\/11478"}],"collection":[{"href":"https:\/\/grandhotel-alingsas.se\/en\/wp-json\/wp\/v2\/pages"}],"about":[{"href":"https:\/\/grandhotel-alingsas.se\/en\/wp-json\/wp\/v2\/types\/page"}],"author":[{"embeddable":true,"href":"https:\/\/grandhotel-alingsas.se\/en\/wp-json\/wp\/v2\/users\/2"}],"replies":[{"embeddable":true,"href":"https:\/\/grandhotel-alingsas.se\/en\/wp-json\/wp\/v2\/comments?post=11478"}],"version-history":[{"count":1,"href":"https:\/\/grandhotel-alingsas.se\/en\/wp-json\/wp\/v2\/pages\/11478\/revisions"}],"predecessor-version":[{"id":11518,"href":"https:\/\/grandhotel-alingsas.se\/en\/wp-json\/wp\/v2\/pages\/11478\/revisions\/11518"}],"up":[{"embeddable":true,"href":"https:\/\/grandhotel-alingsas.se\/en\/wp-json\/wp\/v2\/pages\/9592"}],"wp:attachment":[{"href":"https:\/\/grandhotel-alingsas.se\/en\/wp-json\/wp\/v2\/media?parent=11478"}],"curies":[{"name":"wp","href":"https:\/\/api.w.org\/{rel}","templated":true}]}}