{"id":11479,"date":"2018-10-01T15:31:46","date_gmt":"2018-10-01T13:31:46","guid":{"rendered":"https:\/\/grandhotel-alingsas.se\/restaurang\/bakfickan\/"},"modified":"2025-07-08T15:00:17","modified_gmt":"2025-07-08T13:00:17","slug":"bakfickan","status":"publish","type":"page","link":"https:\/\/grandhotel-alingsas.se\/en\/restaurant\/bakfickan\/","title":{"rendered":"Bakfickan"},"content":{"rendered":"<p>[et_pb_section fb_built=&#8221;1&#8243; _builder_version=&#8221;4.16&#8243; global_colors_info=&#8221;{}&#8221;][et_pb_row _builder_version=&#8221;4.16&#8243; global_colors_info=&#8221;{}&#8221;][et_pb_column type=&#8221;4_4&#8243; _builder_version=&#8221;4.16&#8243; custom_padding=&#8221;|||&#8221; global_colors_info=&#8221;{}&#8221; custom_padding__hover=&#8221;|||&#8221;][et_pb_image src=&#8221;https:\/\/grandhotel-alingsas.se\/wp-content\/uploads\/2018\/10\/Bakfickan_1.jpg&#8221; title_text=&#8221;Bakfickan_1&#8243; _builder_version=&#8221;4.25.0&#8243; _module_preset=&#8221;default&#8221; global_colors_info=&#8221;{}&#8221;][\/et_pb_image][et_pb_text _builder_version=&#8221;4.27.2&#8243; background_size=&#8221;initial&#8221; background_position=&#8221;top_left&#8221; background_repeat=&#8221;repeat&#8221; hover_enabled=&#8221;0&#8243; global_colors_info=&#8221;{}&#8221; sticky_enabled=&#8221;0&#8243;]<\/p>\n<h2 data-fontsize=\"33\" data-lineheight=\"49\">Bakfickan\u00a0p\u00e5 Grand Hotel<\/h2>\n<p><strong>An event venue for breakfast meetings, lunch talks, after-work mingles, birthday parties, association events&#8230;<\/strong><\/p>\n<p>The list can be made long for what our latest venture &#8220;Bakfickan&#8221; can be used for. The feeling is a relaxed restaurant and bar environment with the possibility of a projector for lecture, music quiz or karaoke etc.<\/p>\n<p>Number of seated diners 50 people \/\/ Mingle up to about 120 people.<\/p>\n<p>Welcome to contact us for a proposal for your next event!<\/p>\n<p><strong>Curiosities<\/strong><br \/><em>In the past, city hotels often had several dining rooms that were often divided into 1st, 2nd and 3rd class. For example, you could then use the different pieces of the chicken in different dishes for the different dining rooms to utilize the entire raw material.<\/em><br \/><em>Our &#8220;3rd class&#8221; has served as a nightclub since the 90s and is now renovated and the room is now called &#8220;Bakfickan&#8221;. The room is a combined restaurant with the possibility for food, meetings, dancing and bar.<\/em><\/p>\n<p><b>M\u00f6ten &amp; Eventbokning<\/b><br \/>T: +46 322 670100<br \/><strong><a href=\"mailto:meeting@grandhotel-alingsas.se\">meeting@grandhotel-alingsas.se<\/a><\/strong>[<\/p>\n<p>[\/et_pb_text][\/et_pb_column][\/et_pb_row][\/et_pb_section]<\/p>\n","protected":false},"excerpt":{"rendered":"<p>Bakfickan\u00a0p\u00e5 Grand Hotel An event venue for breakfast meetings, lunch talks, after-work mingles, birthday parties, association events&#8230; The list can be made long for what our latest venture &#8220;Bakfickan&#8221; can [&hellip;]<\/p>\n","protected":false},"author":2,"featured_media":0,"parent":9515,"menu_order":0,"comment_status":"closed","ping_status":"closed","template":"","meta":{"_et_pb_use_builder":"on","_et_pb_old_content":"<h2 data-fontsize=\"33\" data-lineheight=\"49\">Bakfickan\u00a0p\u00e5 Grand Hotel<\/h2>\n<em>En eventlokal f\u00f6r frukostm\u00f6ten, lunchf\u00f6redrag, afterwork mingel, f\u00f6delsedagsfester, f\u00f6reningsarrangemang...\u00a0<\/em>\n\nListan kan g\u00f6ras l\u00e5ng f\u00f6r vad v\u00e5r senaste satsning \"Bakfickan\" kan anv\u00e4ndas f\u00f6r.\u00a0K\u00e4nslan \u00e4r en avsp\u00e4nd restaurang- och barmilj\u00f6 med m\u00f6jlighet till projektor f\u00f6r f\u00f6rel\u00e4sning, musikquiz eller karaoke m.m...\n\nAntal sittande matg\u00e4ster 50 personer \/\/ Mingel upp till ca 120 personer.\n\nV\u00e4lkomna att kontakta oss f\u00f6r ett f\u00f6rslag p\u00e5 ert n\u00e4sta event!\n\n<b>M\u00f6ten &amp; Eventbokning<\/b>\nT: +46 322 670100\n<strong><a href=\"mailto:meeting@grandhotel-alingsas.se\">meeting@grandhotel-alingsas.se<\/a><\/strong>[","_et_gb_content_width":"","footnotes":""},"_links":{"self":[{"href":"https:\/\/grandhotel-alingsas.se\/en\/wp-json\/wp\/v2\/pages\/11479"}],"collection":[{"href":"https:\/\/grandhotel-alingsas.se\/en\/wp-json\/wp\/v2\/pages"}],"about":[{"href":"https:\/\/grandhotel-alingsas.se\/en\/wp-json\/wp\/v2\/types\/page"}],"author":[{"embeddable":true,"href":"https:\/\/grandhotel-alingsas.se\/en\/wp-json\/wp\/v2\/users\/2"}],"replies":[{"embeddable":true,"href":"https:\/\/grandhotel-alingsas.se\/en\/wp-json\/wp\/v2\/comments?post=11479"}],"version-history":[{"count":1,"href":"https:\/\/grandhotel-alingsas.se\/en\/wp-json\/wp\/v2\/pages\/11479\/revisions"}],"predecessor-version":[{"id":11522,"href":"https:\/\/grandhotel-alingsas.se\/en\/wp-json\/wp\/v2\/pages\/11479\/revisions\/11522"}],"up":[{"embeddable":true,"href":"https:\/\/grandhotel-alingsas.se\/en\/wp-json\/wp\/v2\/pages\/9515"}],"wp:attachment":[{"href":"https:\/\/grandhotel-alingsas.se\/en\/wp-json\/wp\/v2\/media?parent=11479"}],"curies":[{"name":"wp","href":"https:\/\/api.w.org\/{rel}","templated":true}]}}