{"id":9495,"date":"2016-12-13T11:19:57","date_gmt":"2016-12-13T10:19:57","guid":{"rendered":"https:\/\/grandhotel-alingsas.se\/bastu-gym\/"},"modified":"2026-02-27T09:27:45","modified_gmt":"2026-02-27T08:27:45","slug":"sauna-gym","status":"publish","type":"page","link":"https:\/\/grandhotel-alingsas.se\/en\/rooms\/sauna-gym\/","title":{"rendered":"Sauna &amp; Gym"},"content":{"rendered":"<p>[et_pb_section fb_built=&#8221;1&#8243; _builder_version=&#8221;4.16&#8243; global_colors_info=&#8221;{}&#8221;][et_pb_row _builder_version=&#8221;4.16&#8243; global_colors_info=&#8221;{}&#8221;][et_pb_column type=&#8221;4_4&#8243; _builder_version=&#8221;4.16&#8243; custom_padding=&#8221;|||&#8221; global_colors_info=&#8221;{}&#8221; custom_padding__hover=&#8221;|||&#8221;][et_pb_text _builder_version=&#8221;4.27.2&#8243; background_size=&#8221;initial&#8221; background_position=&#8221;top_left&#8221; background_repeat=&#8221;repeat&#8221; hover_enabled=&#8221;0&#8243; global_colors_info=&#8221;{}&#8221; sticky_enabled=&#8221;0&#8243;]<\/p>\n<p><img decoding=\"async\" src=\"https:\/\/grandhotel-alingsas.se\/wp-content\/uploads\/2016\/12\/Grand_Hotel_Bastu.jpg\" alt=\"\" style=\"display: block; margin-left: auto; margin-right: auto;\" \/><\/p>\n<h3><strong>Relaxation for body and mind!<\/strong><\/h3>\n<p>With its sauna, training studio and yoga studio our recreation centre offers everything you need to prepare for the day ahead of you. It is open to hotel guests between 6am and 11pm and you can book it for events such as stag or hen nights.<\/p>\n<p>We recommend a sauna after a run or a session in our training studio. Drinks and snacks can be served to order.<\/p>\n<p>&nbsp;<\/p>\n<p><img decoding=\"async\" src=\"https:\/\/grandhotel-alingsas.se\/wp-content\/uploads\/2016\/12\/Gym-Grand-Hotel-Alingsas.jpg\" alt=\"\" \/><\/p>\n<h3><strong>Training Studio<\/strong><\/h3>\n<p>Our training studio may not be big but it is definitely well equipped. One of Alings\u00e5s major gym also offer guests at the hotel access for 100 SEK. Further instructions from front-desk.<\/p>\n<p>Yoga classes are held in our studio several days a week by Magdalena Lagerstr\u00f6m from Shri Yoga Alings\u00e5s. Further details can be found on her website: <a href=\"https:\/\/shriyoga.se\/\"><strong>shriyoga.se &gt;&gt;<\/strong><\/a><\/p>\n<p><img decoding=\"async\" src=\"https:\/\/grandhotel-alingsas.se\/wp-content\/uploads\/2016\/12\/Nolhaga_Slottspark.jpg\" alt=\"\" \/><\/p>\n<h3><strong>Walk &amp; Track<\/strong><\/h3>\n<p>Water and wonderful nature are always close in Alings\u00e5s. Nolhaga Castle and Park is situated 10 min walk from the hotel. Take a steamboat trip on Lake Mj\u00f6rn in the summer or skate across it in the winter. Visit the children\u2019s farm, the archeaological excavations, walk in the lovely parks or enjoy the historic and beautiful surroundings.<\/p>\n<p>We will be happy to guide you to our personal favourites and will help you with maps for running!<\/p>\n<p>[\/et_pb_text][\/et_pb_column][\/et_pb_row][\/et_pb_section]<\/p>\n","protected":false},"excerpt":{"rendered":"<p>Relaxation for body and mind! With its sauna, training studio and yoga studio our recreation centre offers everything you need to prepare for the day ahead of you. It is [&hellip;]<\/p>\n","protected":false},"author":2,"featured_media":0,"parent":9587,"menu_order":0,"comment_status":"closed","ping_status":"closed","template":"","meta":{"_et_pb_use_builder":"on","_et_pb_old_content":"[fusion_builder_container hundred_percent=\"yes\" overflow=\"visible\"][fusion_builder_row][fusion_builder_column type=\"1_1\" background_position=\"left top\" background_color=\"\" border_size=\"\" border_color=\"\" border_style=\"solid\" spacing=\"yes\" background_image=\"\" background_repeat=\"no-repeat\" padding=\"\" margin_top=\"0px\" margin_bottom=\"0px\" class=\"\" id=\"\" animation_type=\"\" animation_speed=\"0.3\" animation_direction=\"left\" hide_on_mobile=\"no\" center_content=\"no\" min_height=\"none\"][:en][fusion_text][\/fusion_text][\/fusion_builder_column][\/fusion_builder_row][\/fusion_builder_container][fusion_builder_container background_color=\"\" background_image=\"\" background_parallax=\"none\" enable_mobile=\"no\" parallax_speed=\"0.3\" background_repeat=\"no-repeat\" background_position=\"left top\" video_url=\"\" video_aspect_ratio=\"16:9\" video_webm=\"\" video_mp4=\"\" video_ogv=\"\" video_preview_image=\"\" overlay_color=\"\" overlay_opacity=\"0.5\" video_mute=\"yes\" video_loop=\"yes\" fade=\"no\" border_size=\"0px\" border_color=\"\" border_style=\"\" padding_top=\"20\" padding_bottom=\"20\" padding_left=\"\" padding_right=\"\" hundred_percent=\"no\" equal_height_columns=\"no\" hide_on_mobile=\"no\" menu_anchor=\"\" class=\"\" id=\"\"][fusion_builder_row][fusion_builder_column type=\"1_1\" last=\"yes\" spacing=\"yes\" center_content=\"no\" hide_on_mobile=\"no\" background_color=\"\" background_image=\"\" background_repeat=\"no-repeat\" background_position=\"left top\" hover_type=\"none\" link=\"\" border_position=\"all\" border_size=\"0px\" border_color=\"\" border_style=\"\" padding=\"\" margin_top=\"\" margin_bottom=\"\" animation_type=\"\" animation_direction=\"\" animation_speed=\"0.1\" animation_offset=\"\" class=\"\" id=\"\"][fusion_imageframe lightbox=\"no\" gallery_id=\"\" lightbox_image=\"\" style_type=\"none\" hover_type=\"none\" bordercolor=\"\" bordersize=\"0px\" borderradius=\"0\" stylecolor=\"\" align=\"none\" link=\"\" linktarget=\"_self\" animation_type=\"0\" animation_direction=\"down\" animation_speed=\"0.1\" animation_offset=\"\" hide_on_mobile=\"no\" class=\"\" id=\"\"] <img src=\"https:\/\/grandhotel-alingsas.se\/wp-content\/uploads\/2016\/12\/Grand_Hotel_Bastu.jpg\" alt=\"\" \/>[\/fusion_imageframe][\/fusion_builder_column][fusion_builder_column type=\"1_6\" last=\"no\" spacing=\"yes\" center_content=\"no\" hide_on_mobile=\"no\" background_color=\"\" background_image=\"\" background_repeat=\"no-repeat\" background_position=\"left top\" hover_type=\"none\" link=\"\" border_position=\"all\" border_size=\"0px\" border_color=\"\" border_style=\"\" padding=\"\" margin_top=\"\" margin_bottom=\"\" animation_type=\"\" animation_direction=\"\" animation_speed=\"0.1\" animation_offset=\"\" class=\"\" id=\"\"][\/fusion_builder_column][fusion_builder_column type=\"2_3\" last=\"no\" spacing=\"yes\" center_content=\"no\" hide_on_mobile=\"no\" background_color=\"\" background_image=\"\" background_repeat=\"no-repeat\" background_position=\"left top\" hover_type=\"none\" link=\"\" border_position=\"all\" border_size=\"0px\" border_color=\"\" border_style=\"\" padding=\"\" margin_top=\"\" margin_bottom=\"\" animation_type=\"\" animation_direction=\"\" animation_speed=\"0.1\" animation_offset=\"\" class=\"\" id=\"\"][fusion_text]\n<h2>Relaxation for body and mind!<\/h2>\nWith its sauna, training studio and yoga studio our recreation centre offers everything you need to prepare for the day ahead of you. It is open to hotel guests between 6am and 11pm and you can book it for events such as stag or hen nights.\n\nWe recommend a sauna after a run or a session in our training studio. Drinks and snacks can be served to order.\n\n[\/fusion_text][\/fusion_builder_column][fusion_builder_column type=\"1_6\" last=\"yes\" spacing=\"yes\" center_content=\"no\" hide_on_mobile=\"no\" background_color=\"\" background_image=\"\" background_repeat=\"no-repeat\" background_position=\"left top\" hover_type=\"none\" link=\"\" border_position=\"all\" border_size=\"0px\" border_color=\"\" border_style=\"\" padding=\"\" margin_top=\"\" margin_bottom=\"\" animation_type=\"\" animation_direction=\"\" animation_speed=\"0.1\" animation_offset=\"\" class=\"\" id=\"\"][\/fusion_builder_column][fusion_builder_column type=\"1_2\" last=\"no\" spacing=\"yes\" center_content=\"no\" hide_on_mobile=\"no\" background_color=\"\" background_image=\"\" background_repeat=\"no-repeat\" background_position=\"left top\" hover_type=\"none\" link=\"\" border_position=\"all\" border_size=\"0px\" border_color=\"\" border_style=\"solid\" padding=\"\" margin_top=\"\" margin_bottom=\"\" animation_type=\"0\" animation_direction=\"down\" animation_speed=\"0.1\" animation_offset=\"\" class=\"\" id=\"\"][fusion_imageframe lightbox=\"no\" gallery_id=\"\" lightbox_image=\"\" style_type=\"none\" hover_type=\"none\" bordercolor=\"\" bordersize=\"0px\" borderradius=\"0\" stylecolor=\"\" align=\"none\" link=\"\" linktarget=\"_self\" animation_type=\"0\" animation_direction=\"down\" animation_speed=\"0.1\" animation_offset=\"\" hide_on_mobile=\"no\" class=\"\" id=\"\"] <img src=\"https:\/\/grandhotel-alingsas.se\/wp-content\/uploads\/2016\/12\/Gym-Grand-Hotel-Alingsas.jpg\" alt=\"\" \/>[\/fusion_imageframe][fusion_text]\n<h3><strong>Training Studio<\/strong><\/h3>\nOur training studio may not be big but it is definitely well equipped. One of Alings\u00e5s major gym also offer guests at the hotel access for 100 SEK. Further instructions from front-desk.\n\nYoga classes are held in our studio several days a week by Magdalena Lagerstr\u00f6m from Shri Yoga Alings\u00e5s. Further details can be found on her website: <strong><a href=\"https:\/\/shriyoga.se\/\" target=\"_blank\" rel=\"noopener noreferrer\">shriyoga.se &gt;&gt;<\/a><\/strong>\n\n[\/fusion_text][\/fusion_builder_column][fusion_builder_column type=\"1_2\" last=\"yes\" spacing=\"yes\" center_content=\"no\" hide_on_mobile=\"no\" background_color=\"\" background_image=\"\" background_repeat=\"no-repeat\" background_position=\"left top\" hover_type=\"none\" link=\"\" border_position=\"all\" border_size=\"0px\" border_color=\"\" border_style=\"\" padding=\"\" margin_top=\"\" margin_bottom=\"\" animation_type=\"\" animation_direction=\"\" animation_speed=\"0.1\" animation_offset=\"\" class=\"\" id=\"\"][fusion_imageframe lightbox=\"no\" gallery_id=\"\" lightbox_image=\"\" style_type=\"none\" hover_type=\"none\" bordercolor=\"\" bordersize=\"0px\" borderradius=\"0\" stylecolor=\"\" align=\"none\" link=\"\" linktarget=\"_self\" animation_type=\"0\" animation_direction=\"down\" animation_speed=\"0.1\" animation_offset=\"\" hide_on_mobile=\"no\" class=\"\" id=\"\"] <img src=\"https:\/\/grandhotel-alingsas.se\/wp-content\/uploads\/2016\/12\/Nolhaga_Slottspark.jpg\" alt=\"\" \/>[\/fusion_imageframe][fusion_text]\n<h3><strong>Walk &amp; Track<\/strong><\/h3>\nWater and wonderful nature are always close in Alings\u00e5s. Nolhaga Castle and Park is situated 10 min walk from the hotel. Take a steamboat trip on Lake Mj\u00f6rn in the summer or skate across it in the winter. Visit the children\u2019s farm, the archeaological excavations, walk in the lovely parks or enjoy the historic and beautiful surroundings.\n\nWe will be happy to guide you to our personal favourites and will help you with maps for running![\/fusion_text][\/fusion_builder_column][\/fusion_builder_row][\/fusion_builder_container][fusion_builder_container hundred_percent=\"yes\" overflow=\"visible\"][fusion_builder_row][fusion_builder_column type=\"1_1\" background_position=\"left top\" background_color=\"\" border_size=\"\" border_color=\"\" border_style=\"solid\" spacing=\"yes\" background_image=\"\" background_repeat=\"no-repeat\" padding=\"\" margin_top=\"0px\" margin_bottom=\"0px\" class=\"\" id=\"\" animation_type=\"\" animation_speed=\"0.3\" animation_direction=\"left\" hide_on_mobile=\"no\" center_content=\"no\" min_height=\"none\"][fusion_text][\/fusion_text][\/fusion_builder_column][fusion_builder_column type=\"1_1\" background_position=\"left top\" background_color=\"\" border_size=\"\" border_color=\"\" border_style=\"solid\" spacing=\"yes\" background_image=\"\" background_repeat=\"no-repeat\" padding=\"\" margin_top=\"0px\" margin_bottom=\"0px\" class=\"\" id=\"\" animation_type=\"\" animation_speed=\"0.3\" animation_direction=\"left\" hide_on_mobile=\"no\" center_content=\"no\" min_height=\"none\"][:sv][fusion_text][\/fusion_text][\/fusion_builder_column][\/fusion_builder_row][\/fusion_builder_container][fusion_builder_container background_color=\"\" background_image=\"\" background_parallax=\"none\" enable_mobile=\"no\" parallax_speed=\"0.3\" background_repeat=\"no-repeat\" background_position=\"left top\" video_url=\"\" video_aspect_ratio=\"16:9\" video_webm=\"\" video_mp4=\"\" video_ogv=\"\" video_preview_image=\"\" overlay_color=\"\" overlay_opacity=\"0.5\" video_mute=\"yes\" video_loop=\"yes\" fade=\"no\" border_size=\"0px\" border_color=\"\" border_style=\"\" padding_top=\"20\" padding_bottom=\"20\" padding_left=\"\" padding_right=\"\" hundred_percent=\"no\" equal_height_columns=\"no\" hide_on_mobile=\"no\" menu_anchor=\"\" class=\"\" id=\"\"][fusion_builder_row][fusion_builder_column type=\"1_1\" last=\"yes\" spacing=\"yes\" center_content=\"no\" hide_on_mobile=\"no\" background_color=\"\" background_image=\"\" background_repeat=\"no-repeat\" background_position=\"left top\" hover_type=\"none\" link=\"\" border_position=\"all\" border_size=\"0px\" border_color=\"\" border_style=\"\" padding=\"\" margin_top=\"\" margin_bottom=\"\" animation_type=\"\" animation_direction=\"\" animation_speed=\"0.1\" animation_offset=\"\" class=\"\" id=\"\"][fusion_imageframe lightbox=\"no\" gallery_id=\"\" lightbox_image=\"\" style_type=\"none\" hover_type=\"none\" bordercolor=\"\" bordersize=\"0px\" borderradius=\"0\" stylecolor=\"\" align=\"none\" link=\"\" linktarget=\"_self\" animation_type=\"0\" animation_direction=\"down\" animation_speed=\"0.1\" animation_offset=\"\" hide_on_mobile=\"no\" class=\"\" id=\"\"] <img src=\"https:\/\/grandhotel-alingsas.se\/wp-content\/uploads\/2016\/12\/Grand_Hotel_Bastu.jpg\" alt=\"\" \/>[\/fusion_imageframe][\/fusion_builder_column][fusion_builder_column type=\"1_6\" last=\"no\" spacing=\"yes\" center_content=\"no\" hide_on_mobile=\"no\" background_color=\"\" background_image=\"\" background_repeat=\"no-repeat\" background_position=\"left top\" hover_type=\"none\" link=\"\" border_position=\"all\" border_size=\"0px\" border_color=\"\" border_style=\"\" padding=\"\" margin_top=\"\" margin_bottom=\"\" animation_type=\"\" animation_direction=\"\" animation_speed=\"0.1\" animation_offset=\"\" class=\"\" id=\"\"][\/fusion_builder_column][fusion_builder_column type=\"2_3\" last=\"no\" spacing=\"yes\" center_content=\"no\" hide_on_mobile=\"no\" background_color=\"\" background_image=\"\" background_repeat=\"no-repeat\" background_position=\"left top\" hover_type=\"none\" link=\"\" border_position=\"all\" border_size=\"0px\" border_color=\"\" border_style=\"\" padding=\"\" margin_top=\"\" margin_bottom=\"\" animation_type=\"\" animation_direction=\"\" animation_speed=\"0.1\" animation_offset=\"\" class=\"\" id=\"\"][fusion_text]\n<h2>En stunds avkoppling bygger kroppen!<\/h2>\nBastu, Relax, Tr\u00e4ning och Yoga. Det finns m\u00f6jligheter f\u00f6r att komma i form inf\u00f6r h\u00e5rda arbetsdagar dels i hotellets rekreationsavdelning men ocks\u00e5 i v\u00e5ra omgivningar utomhus. Avdelningen \u00e4r tillg\u00e4nglig f\u00f6r hotellets g\u00e4ster 06.00 \u2013 23.00. Det finns m\u00f6jlighet att abonnera avdelningen f\u00f6r grupper t ex svensexor och m\u00f6hippor.\n\nVi rekommenderar ett hett bastubad efter joggingturen eller styrkepasset i v\u00e5r studio. H\u00e4r finns en relaxh\u00f6rna med TV och vi serverar tilltugg och drycker efter best\u00e4llning.\n\n<strong>Bor du ej p\u00e5 hotellet?<\/strong>\n\nVi erbjuder paket f\u00f6r g\u00e4ster som ej bor p\u00e5 hotellet \u2013 Pris fr 195 sek d\u00e5 ing\u00e5r:\nhandduk \/\/ access till relaxen ca 2 h \/\/ \u00a0bastupaketet m tilltugg &amp; \u00f6l\n\nSj\u00e4lvklart kan man \u00e4ven best\u00e4lla mousserande vin m.m.\n\n<hr \/>\n\n[\/fusion_text][\/fusion_builder_column][fusion_builder_column type=\"1_6\" last=\"yes\" spacing=\"yes\" center_content=\"no\" hide_on_mobile=\"no\" background_color=\"\" background_image=\"\" background_repeat=\"no-repeat\" background_position=\"left top\" hover_type=\"none\" link=\"\" border_position=\"all\" border_size=\"0px\" border_color=\"\" border_style=\"\" padding=\"\" margin_top=\"\" margin_bottom=\"\" animation_type=\"\" animation_direction=\"\" animation_speed=\"0.1\" animation_offset=\"\" class=\"\" id=\"\"][\/fusion_builder_column][fusion_builder_column type=\"1_2\" last=\"no\" spacing=\"yes\" center_content=\"no\" hide_on_mobile=\"no\" background_color=\"\" background_image=\"\" background_repeat=\"no-repeat\" background_position=\"left top\" hover_type=\"none\" link=\"\" border_position=\"all\" border_size=\"0px\" border_color=\"\" border_style=\"solid\" padding=\"\" margin_top=\"\" margin_bottom=\"\" animation_type=\"0\" animation_direction=\"down\" animation_speed=\"0.1\" animation_offset=\"\" class=\"\" id=\"\"][fusion_imageframe lightbox=\"no\" gallery_id=\"\" lightbox_image=\"\" style_type=\"none\" hover_type=\"none\" bordercolor=\"\" bordersize=\"0px\" borderradius=\"0\" stylecolor=\"\" align=\"none\" link=\"\" linktarget=\"_self\" animation_type=\"0\" animation_direction=\"down\" animation_speed=\"0.1\" animation_offset=\"\" hide_on_mobile=\"no\" class=\"\" id=\"\"] <img src=\"https:\/\/grandhotel-alingsas.se\/wp-content\/uploads\/2016\/12\/Gym-Grand-Hotel-Alingsas.jpg\" alt=\"\" \/>[\/fusion_imageframe][fusion_text]\n<h3><strong>Tr\u00e4ningsstudio<\/strong><\/h3>\nV\u00e5r tr\u00e4ningsstudio \u00e4r inte stor men komplett utrustad f\u00f6r en riktig genomk\u00f6rare. F\u00f6r den som vill ha en komplett gymupplevelse erbjuder Nordic Wellness-H\u00e4lsostudion i Alings\u00e5s hotellets g\u00e4ster tr\u00e4ning f\u00f6r 100 kr. Anl\u00e4ggningen \u00e4r en f\u00f6rsta klassens tr\u00e4ningsanl\u00e4ggning och ligger ca 1 km fr\u00e5n hotellet. Kontakta receptionen f\u00f6r access.\n\nFlera dagar i veckan arrangeras yogaklasser av Shri Yoga Alings\u00e5s, Magdalena Lagerstr\u00f6m.\u00a0L\u00e4s mer p\u00e5 deras hemsida f\u00f6r aktuella klasser\u00a0<strong><a href=\"https:\/\/www.shriyoga.se\/\" target=\"_blank\" rel=\"noopener noreferrer\">shriyoga.se<\/a>\u00a0&gt;&gt;<\/strong>\n\nHotellets g\u00e4ster har m\u00f6jlighet att medverka p\u00e5 enstaka pass.\nPris: 100 kr betalas till instrukt\u00f6ren efter passet.\n\nAnm\u00e4lan senast 2 h f\u00f6re pass p\u00e5 mail: info@shriyoga.se. Det finns en dator i receptionen som du kan l\u00e5na. Du kan ocks\u00e5 komma ner 20 minuter innan och se om det finns plats kvar.\n\n\u00d6nskar ni boka en exklusiv yogaklass f\u00f6r till exempel tjejg\u00e4nget eller arbetskollegorna hj\u00e4lper vi er g\u00e4rna med det. Vi arrangerar \u00e4ven andra grupptr\u00e4ningsaktiviteter s\u00e5som Aerobic, Dans, Step-up och avslappning.\n<strong><a href=\"https:\/\/grandhotel-alingsas.se\/boende\/yoga\/\">L\u00e4s mer om yoga p\u00e5 hotellet &gt;&gt;<\/a><\/strong>[\/fusion_text][\/fusion_builder_column][fusion_builder_column type=\"1_2\" last=\"yes\" spacing=\"yes\" center_content=\"no\" hide_on_mobile=\"no\" background_color=\"\" background_image=\"\" background_repeat=\"no-repeat\" background_position=\"left top\" hover_type=\"none\" link=\"\" border_position=\"all\" border_size=\"0px\" border_color=\"\" border_style=\"\" padding=\"\" margin_top=\"\" margin_bottom=\"\" animation_type=\"\" animation_direction=\"\" animation_speed=\"0.1\" animation_offset=\"\" class=\"\" id=\"\"][fusion_imageframe lightbox=\"no\" gallery_id=\"\" lightbox_image=\"\" style_type=\"none\" hover_type=\"none\" bordercolor=\"\" bordersize=\"0px\" borderradius=\"0\" stylecolor=\"\" align=\"none\" link=\"\" linktarget=\"_self\" animation_type=\"0\" animation_direction=\"down\" animation_speed=\"0.1\" animation_offset=\"\" hide_on_mobile=\"no\" class=\"\" id=\"\"] <img src=\"https:\/\/grandhotel-alingsas.se\/wp-content\/uploads\/2016\/12\/Nolhaga_Slottspark.jpg\" alt=\"\" \/>[\/fusion_imageframe][fusion_text]\n<h3><strong>Promenad &amp; L\u00f6pning<\/strong><\/h3>\nEtt stenkast fr\u00e5n innerstaden ligger vackra Nolhagaparken med Nolhaga slott, stadsbadhuset, barnens djurpark och h\u00e4rlig rekreation. P\u00e5 promenaden kommer man snart ner till sj\u00f6n Mj\u00f6rn, V\u00e4sterg\u00f6tlands n\u00e4st st\u00f6rsta sj\u00f6. H\u00e4r finns sm\u00e5b\u00e5tshamn, idrottsplats, camping och badstrand.\n\nL\u00e4ngs g\u00e5ngbanor fr\u00e5n hotellet i annan riktning hamnar man vid sj\u00f6n Gerdsken. \u00c4ven h\u00e4r finns badstrand och fr\u00e5n hotellet, runt sj\u00f6n och tillbaka \u00e4r det ca 10 km.\n\nL\u00e4ngs E20 mot Stockholm ligger Hjortg\u00e5rdens friluftscenter med v\u00e4l uppm\u00e4rkta l\u00f6prundor.\n\nReceptionen bist\u00e5r g\u00e4rna med v\u00e4gbeskrivning och kartor.\n\n[\/fusion_text][fusion_imageframe lightbox=\"no\" gallery_id=\"\" lightbox_image=\"\" style_type=\"none\" hover_type=\"none\" bordercolor=\"\" bordersize=\"0px\" borderradius=\"0\" stylecolor=\"\" align=\"none\" link=\"\" linktarget=\"_self\" animation_type=\"0\" animation_direction=\"down\" animation_speed=\"0.1\" animation_offset=\"\" hide_on_mobile=\"no\" class=\"\" id=\"\"] <img src=\"https:\/\/grandhotel-alingsas.se\/wp-content\/uploads\/2018\/02\/Skincare_3.jpg\" alt=\"\" \/>[\/fusion_imageframe][fusion_text]\n<h3><strong>Sk\u00f6nhetsv\u00e5rd<\/strong><\/h3>\nHotellet samarbetar med Salong Skin Care 250 m fr\u00e5n hotellet. <strong><a href=\"https:\/\/grandhotel-alingsas.se\/skin-care\/\">L\u00e4s mer om behandlingar och hur du bokar &gt;&gt;<\/a><\/strong>[\/fusion_text][\/fusion_builder_column][\/fusion_builder_row][\/fusion_builder_container][fusion_builder_container hundred_percent=\"yes\" overflow=\"visible\"][fusion_builder_row][fusion_builder_column type=\"1_1\" background_position=\"left top\" background_color=\"\" border_size=\"\" border_color=\"\" border_style=\"solid\" spacing=\"yes\" background_image=\"\" background_repeat=\"no-repeat\" padding=\"\" margin_top=\"0px\" margin_bottom=\"0px\" class=\"\" id=\"\" animation_type=\"\" animation_speed=\"0.3\" animation_direction=\"left\" hide_on_mobile=\"no\" center_content=\"no\" min_height=\"none\"][fusion_text][\/fusion_text][\/fusion_builder_column][fusion_builder_column type=\"1_1\" background_position=\"left top\" background_color=\"\" border_size=\"\" border_color=\"\" border_style=\"solid\" spacing=\"yes\" background_image=\"\" background_repeat=\"no-repeat\" padding=\"\" margin_top=\"0px\" margin_bottom=\"0px\" class=\"\" id=\"\" animation_type=\"\" animation_speed=\"0.3\" animation_direction=\"left\" hide_on_mobile=\"no\" center_content=\"no\" min_height=\"none\"][:][\/fusion_builder_column][\/fusion_builder_row][\/fusion_builder_container]","_et_gb_content_width":"","footnotes":""},"_links":{"self":[{"href":"https:\/\/grandhotel-alingsas.se\/en\/wp-json\/wp\/v2\/pages\/9495"}],"collection":[{"href":"https:\/\/grandhotel-alingsas.se\/en\/wp-json\/wp\/v2\/pages"}],"about":[{"href":"https:\/\/grandhotel-alingsas.se\/en\/wp-json\/wp\/v2\/types\/page"}],"author":[{"embeddable":true,"href":"https:\/\/grandhotel-alingsas.se\/en\/wp-json\/wp\/v2\/users\/2"}],"replies":[{"embeddable":true,"href":"https:\/\/grandhotel-alingsas.se\/en\/wp-json\/wp\/v2\/comments?post=9495"}],"version-history":[{"count":8,"href":"https:\/\/grandhotel-alingsas.se\/en\/wp-json\/wp\/v2\/pages\/9495\/revisions"}],"predecessor-version":[{"id":12247,"href":"https:\/\/grandhotel-alingsas.se\/en\/wp-json\/wp\/v2\/pages\/9495\/revisions\/12247"}],"up":[{"embeddable":true,"href":"https:\/\/grandhotel-alingsas.se\/en\/wp-json\/wp\/v2\/pages\/9587"}],"wp:attachment":[{"href":"https:\/\/grandhotel-alingsas.se\/en\/wp-json\/wp\/v2\/media?parent=9495"}],"curies":[{"name":"wp","href":"https:\/\/api.w.org\/{rel}","templated":true}]}}