{"id":9500,"date":"2021-05-20T09:18:57","date_gmt":"2021-05-20T07:18:57","guid":{"rendered":"https:\/\/grandhotel-alingsas.se\/husdjur\/"},"modified":"2024-06-14T13:26:31","modified_gmt":"2024-06-14T11:26:31","slug":"pet-policy","status":"publish","type":"page","link":"https:\/\/grandhotel-alingsas.se\/en\/rooms\/pet-policy\/","title":{"rendered":"Pet policy"},"content":{"rendered":"<p>[et_pb_section fb_built=&#8221;1&#8243; admin_label=&#8221;section&#8221; _builder_version=&#8221;4.16&#8243; global_colors_info=&#8221;{}&#8221;][et_pb_row admin_label=&#8221;row&#8221; _builder_version=&#8221;4.16&#8243; global_colors_info=&#8221;{}&#8221;][et_pb_column type=&#8221;4_4&#8243; _builder_version=&#8221;4.16&#8243; custom_padding=&#8221;|||&#8221; global_colors_info=&#8221;{}&#8221; custom_padding__hover=&#8221;|||&#8221;][et_pb_text admin_label=&#8221;Text&#8221; _builder_version=&#8221;4.25.0&#8243; background_size=&#8221;initial&#8221; background_position=&#8221;top_left&#8221; background_repeat=&#8221;repeat&#8221; hover_enabled=&#8221;0&#8243; global_colors_info=&#8221;{}&#8221; sticky_enabled=&#8221;0&#8243;]<\/p>\n<p><img decoding=\"async\" src=\"https:\/\/grandhotel-alingsas.se\/wp-content\/uploads\/2021\/05\/Hund-1.jpg\" alt=\"\" style=\"display: block; margin-left: auto; margin-right: auto;\" \/><\/p>\n<h1>A human\u2019s best friend!<\/h1>\n<p>Of course most pets are welcome at our hotel, but we need to know it in advance to plan for your stay. We might add a charge for extra cleaning.<\/p>\n<p><strong>What are the policy if I want to bring my dog?<\/strong><\/p>\n<p>We have rooms intended for dogs and add an extra charge of 300 SEK \/room, then you also receive some dog treats.<\/p>\n<p>Due to other guests allergies you cannot bring your dog into the restaurant, however we do have a certain part of the lobby where you can eat breakfast with your dog. Or why not order your meal up to your room!<\/p>\n<h2><strong>A dog-friendly Alings\u00e5s<\/strong><\/h2>\n<p>In the caf\u00e9-town of Alings\u00e5s everyone should have the opportunity to take part in the local food- and fika-culture, even our friends on four legs.<br \/><a href=\"https:\/\/www.vastsverige.com\/alingsas\/alingsas-turistinformation\/hundvanliga-kafeer\/\"><strong>Here you can find some dog-friendly caf\u00e9s in Alings\u00e5s &gt;&gt;<\/strong><\/a><\/p>\n<p>Hike along Gotaleden, experience outdoor life in the nature reserve of Hjortmarka, or enjoy a walk close to the town in Nolhaga or around the lake of Gerdsken where even your dog can go for a swim. From the hotel to and around the lake of Gerdsken and back, it is 10 km.<\/p>\n<p>Here you can take a trip to other dog-friendly places in western Sweden:<br \/><a href=\"https:\/\/www.vastsverige.com\/semester-med-hund\/\"><strong>vastsverige.com\/semester-med-hund &gt;&gt;<\/strong><\/a><\/p>\n<p>[\/et_pb_text][\/et_pb_column][\/et_pb_row][\/et_pb_section]<\/p>\n","protected":false},"excerpt":{"rendered":"<p>A human\u2019s best friend! Of course most pets are welcome at our hotel, but we need to know it in advance to plan for your stay. We might add a [&hellip;]<\/p>\n","protected":false},"author":2,"featured_media":0,"parent":9587,"menu_order":0,"comment_status":"closed","ping_status":"closed","template":"","meta":{"_et_pb_use_builder":"on","_et_pb_old_content":"[fusion_builder_container hundred_percent=\"yes\" overflow=\"visible\"][fusion_builder_row][fusion_builder_column type=\"1_1\" background_position=\"left top\" background_color=\"\" border_size=\"\" border_color=\"\" border_style=\"solid\" spacing=\"yes\" background_image=\"\" background_repeat=\"no-repeat\" padding=\"\" margin_top=\"0px\" margin_bottom=\"0px\" class=\"\" id=\"\" animation_type=\"\" animation_speed=\"0.3\" animation_direction=\"left\" hide_on_mobile=\"no\" center_content=\"no\" min_height=\"none\"][:en][\/fusion_builder_column][\/fusion_builder_row][\/fusion_builder_container][fusion_builder_container background_color=\"\" background_image=\"\" background_parallax=\"none\" enable_mobile=\"no\" parallax_speed=\"0.3\" background_repeat=\"no-repeat\" background_position=\"left top\" video_url=\"\" video_aspect_ratio=\"16:9\" video_webm=\"\" video_mp4=\"\" video_ogv=\"\" video_preview_image=\"\" overlay_color=\"\" overlay_opacity=\"0.5\" video_mute=\"yes\" video_loop=\"yes\" fade=\"no\" border_size=\"0px\" border_color=\"\" border_style=\"\" padding_top=\"20\" padding_bottom=\"20\" padding_left=\"\" padding_right=\"\" hundred_percent=\"no\" equal_height_columns=\"no\" hide_on_mobile=\"no\" menu_anchor=\"\" class=\"\" id=\"\"][fusion_builder_row][fusion_builder_column type=\"1_1\" last=\"yes\" spacing=\"yes\" center_content=\"no\" hide_on_mobile=\"no\" background_color=\"\" background_image=\"\" background_repeat=\"no-repeat\" background_position=\"left top\" hover_type=\"none\" link=\"\" border_position=\"all\" border_size=\"0px\" border_color=\"\" border_style=\"\" padding=\"\" margin_top=\"\" margin_bottom=\"\" animation_type=\"\" animation_direction=\"\" animation_speed=\"0.1\" animation_offset=\"\" class=\"\" id=\"\"][fusion_imageframe lightbox=\"no\" gallery_id=\"\" lightbox_image=\"\" style_type=\"none\" hover_type=\"none\" bordercolor=\"\" bordersize=\"0px\" borderradius=\"0\" stylecolor=\"\" align=\"center\" link=\"\" linktarget=\"_self\" animation_type=\"0\" animation_direction=\"down\" animation_speed=\"0.1\" animation_offset=\"\" hide_on_mobile=\"no\" class=\"\" id=\"\"] <img src=\"https:\/\/grandhotel-alingsas.se\/wp-content\/uploads\/2021\/05\/Hund-1.jpg\" alt=\"\" \/>[\/fusion_imageframe][\/fusion_builder_column][fusion_builder_column type=\"1_6\" last=\"no\" spacing=\"yes\" center_content=\"no\" hide_on_mobile=\"no\" background_color=\"\" background_image=\"\" background_repeat=\"no-repeat\" background_position=\"left top\" hover_type=\"none\" link=\"\" border_position=\"all\" border_size=\"0px\" border_color=\"\" border_style=\"\" padding=\"\" margin_top=\"\" margin_bottom=\"\" animation_type=\"\" animation_direction=\"\" animation_speed=\"0.1\" animation_offset=\"\" class=\"\" id=\"\"][\/fusion_builder_column][fusion_builder_column type=\"2_3\" last=\"no\" spacing=\"yes\" center_content=\"no\" hide_on_mobile=\"no\" background_color=\"\" background_image=\"\" background_repeat=\"no-repeat\" background_position=\"left top\" hover_type=\"none\" link=\"\" border_position=\"all\" border_size=\"0px\" border_color=\"\" border_style=\"\" padding=\"\" margin_top=\"\" margin_bottom=\"\" animation_type=\"\" animation_direction=\"\" animation_speed=\"0.1\" animation_offset=\"\" class=\"\" id=\"\"][fusion_text]\n<h1>A human\u2019s best friend!<\/h1>\nOf course most pets are welcome at our hotel, but we need to know it in advance to plan for your stay. We might add a charge for extra cleaning.\n\n<strong>What are the policy if I want to bring my dog?<\/strong>\n\nWe have rooms intended for dogs and add an extra charge of 300 SEK \/room, then you also receive some dog treats.\n\nDue to other guests allergies you cannot bring your dog into the restaurant, however we do have a certain part of the lobby where you can eat breakfast with your dog. Or why not order your meal up to your room!\n\n<hr \/>\n\n<h2><strong>A dog-friendly Alings\u00e5s<\/strong><\/h2>\nIn the caf\u00e9-town of Alings\u00e5s everyone should have the opportunity to take part in the local food- and fika-culture, even our friends on four legs.\n<strong><a href=\"https:\/\/www.vastsverige.com\/alingsas\/alingsas-turistinformation\/hundvanliga-kafeer\/\" target=\"_blank\" rel=\"noopener noreferrer\">Here you can find some dog-friendly caf\u00e9s in Alings\u00e5s &gt;&gt;<\/a><\/strong>\n\nHike along Gotaleden, experience outdoor life in the nature reserve of Hjortmarka, or enjoy a walk close to the town in Nolhaga or around the lake of Gerdsken where even your dog can go for a swim. From the hotel to and around the lake of Gerdsken and back, it is 10 km.\n\nHere you can take a trip to other dog-friendly places in western Sweden:\n<strong><a href=\"https:\/\/www.vastsverige.com\/semester-med-hund\/\">vastsverige.com\/semester-med-hund &gt;&gt;<\/a><\/strong>[\/fusion_text][\/fusion_builder_column][fusion_builder_column type=\"1_6\" last=\"yes\" spacing=\"yes\" center_content=\"no\" hide_on_mobile=\"no\" background_color=\"\" background_image=\"\" background_repeat=\"no-repeat\" background_position=\"left top\" hover_type=\"none\" link=\"\" border_position=\"all\" border_size=\"0px\" border_color=\"\" border_style=\"\" padding=\"\" margin_top=\"\" margin_bottom=\"\" animation_type=\"\" animation_direction=\"\" animation_speed=\"0.1\" animation_offset=\"\" class=\"\" id=\"\"][\/fusion_builder_column][\/fusion_builder_row][\/fusion_builder_container][fusion_builder_container hundred_percent=\"yes\" overflow=\"visible\"][fusion_builder_row][fusion_builder_column type=\"1_1\" background_position=\"left top\" background_color=\"\" border_size=\"\" border_color=\"\" border_style=\"solid\" spacing=\"yes\" background_image=\"\" background_repeat=\"no-repeat\" padding=\"\" margin_top=\"0px\" margin_bottom=\"0px\" class=\"\" id=\"\" animation_type=\"\" animation_speed=\"0.3\" animation_direction=\"left\" hide_on_mobile=\"no\" center_content=\"no\" min_height=\"none\"][:sv][\/fusion_builder_column][\/fusion_builder_row][\/fusion_builder_container][fusion_builder_container background_color=\"\" background_image=\"\" background_parallax=\"none\" enable_mobile=\"no\" parallax_speed=\"0.3\" background_repeat=\"no-repeat\" background_position=\"left top\" video_url=\"\" video_aspect_ratio=\"16:9\" video_webm=\"\" video_mp4=\"\" video_ogv=\"\" video_preview_image=\"\" overlay_color=\"\" overlay_opacity=\"0.5\" video_mute=\"yes\" video_loop=\"yes\" fade=\"no\" border_size=\"0px\" border_color=\"\" border_style=\"\" padding_top=\"20\" padding_bottom=\"20\" padding_left=\"\" padding_right=\"\" hundred_percent=\"no\" equal_height_columns=\"no\" hide_on_mobile=\"no\" menu_anchor=\"\" class=\"\" id=\"\"][fusion_builder_row][fusion_builder_column type=\"1_1\" last=\"yes\" spacing=\"yes\" center_content=\"no\" hide_on_mobile=\"no\" background_color=\"\" background_image=\"\" background_repeat=\"no-repeat\" background_position=\"left top\" hover_type=\"none\" link=\"\" border_position=\"all\" border_size=\"0px\" border_color=\"\" border_style=\"\" padding=\"\" margin_top=\"\" margin_bottom=\"\" animation_type=\"\" animation_direction=\"\" animation_speed=\"0.1\" animation_offset=\"\" class=\"\" id=\"\"][fusion_imageframe lightbox=\"no\" gallery_id=\"\" lightbox_image=\"\" style_type=\"none\" hover_type=\"none\" bordercolor=\"\" bordersize=\"0px\" borderradius=\"0\" stylecolor=\"\" align=\"center\" link=\"\" linktarget=\"_self\" animation_type=\"0\" animation_direction=\"down\" animation_speed=\"0.1\" animation_offset=\"\" hide_on_mobile=\"no\" class=\"\" id=\"\"] <img src=\"https:\/\/grandhotel-alingsas.se\/wp-content\/uploads\/2021\/05\/Hund-1.jpg\" alt=\"\" \/>[\/fusion_imageframe][\/fusion_builder_column][fusion_builder_column type=\"1_6\" last=\"no\" spacing=\"yes\" center_content=\"no\" hide_on_mobile=\"no\" background_color=\"\" background_image=\"\" background_repeat=\"no-repeat\" background_position=\"left top\" hover_type=\"none\" link=\"\" border_position=\"all\" border_size=\"0px\" border_color=\"\" border_style=\"\" padding=\"\" margin_top=\"\" margin_bottom=\"\" animation_type=\"\" animation_direction=\"\" animation_speed=\"0.1\" animation_offset=\"\" class=\"\" id=\"\"][\/fusion_builder_column][fusion_builder_column type=\"2_3\" last=\"no\" spacing=\"yes\" center_content=\"no\" hide_on_mobile=\"no\" background_color=\"\" background_image=\"\" background_repeat=\"no-repeat\" background_position=\"left top\" hover_type=\"none\" link=\"\" border_position=\"all\" border_size=\"0px\" border_color=\"\" border_style=\"\" padding=\"\" margin_top=\"\" margin_bottom=\"\" animation_type=\"\" animation_direction=\"\" animation_speed=\"0.1\" animation_offset=\"\" class=\"\" id=\"\"][fusion_text]\n<h2>M\u00e4nniskans b\u00e4sta v\u00e4n!<\/h2>\nSj\u00e4lvklart \u00e4r de flesta av v\u00e5ra husdjur v\u00e4lkomna att bo p\u00e5 hotellet men vi beh\u00f6ver veta det vid bokning f\u00f6r att planera f\u00f6r Er vistelse. Vi kan komma att debitera ett till\u00e4gg f\u00f6r extra st\u00e4dning.\n\n<strong>Vad g\u00e4ller n\u00e4r jag har med min hund?<\/strong>\n\nVi har rum avsedda f\u00f6r hundar och vi debiterar ett till\u00e4gg om 300 kr per rum d\u00e5 bjuder vi ocks\u00e5 p\u00e5 lite hundgodis.\n\nAv respekt f\u00f6r \u00f6vriga g\u00e4sters allergier kan inte hundar vistas i restaurangen men det finns en speciell lobbydel d\u00e4r man kan \u00e4ta frukost med sin hund. Vi har \u00e4ven en uteservering d\u00e4r hundar \u00e4r v\u00e4lkomna. Eller varf\u00f6r inte best\u00e4lla upp er m\u00e5ltid till rummet!\n\n<hr \/>\n\n<h3><strong>Ett hundv\u00e4nligt Alings\u00e5s<\/strong><\/h3>\nI Kaf\u00e9stadens Alings\u00e5s ska alla ha m\u00f6jlighet att ta del av den lokala mat- och fikakulturen, \u00e4ven v\u00e5ra fyrbenta familjev\u00e4nner.\n<strong><a href=\"https:\/\/www.vastsverige.com\/alingsas\/alingsas-turistinformation\/hundvanliga-kafeer\/\" target=\"_blank\" rel=\"noopener noreferrer\">Via l\u00e4nken listas hundv\u00e4nliga kaf\u00e9er\u00a0i Alings\u00e5s &gt;&gt;<\/a><\/strong>\n\nVandra l\u00e4ngs Gotaleden,\u00a0upplev friluftsliv i Hjortmarkas Naturreservat eller njut en stadsn\u00e4ra promenad i Nolhaga Slottspark eller runt sj\u00f6n Gerdsken d\u00e4r \u00e4ven hunden kan ta sig ett dopp. Fr\u00e5n hotellet till och runt sj\u00f6n Gerdsken och tillbaka \u00e4r det 10 km.\n\nH\u00e4r kan du semestra p\u00e5 andra hundv\u00e4nliga platser i V\u00e4stsverige:\n<strong><a href=\"https:\/\/www.vastsverige.com\/semester-med-hund\/\" target=\"_blank\" rel=\"noopener noreferrer\">vastsverige.com\/semester-med-hund &gt;&gt;<\/a><\/strong>[\/fusion_text][\/fusion_builder_column][fusion_builder_column type=\"1_6\" last=\"yes\" spacing=\"yes\" center_content=\"no\" hide_on_mobile=\"no\" background_color=\"\" background_image=\"\" background_repeat=\"no-repeat\" background_position=\"left top\" hover_type=\"none\" link=\"\" border_position=\"all\" border_size=\"0px\" border_color=\"\" border_style=\"\" padding=\"\" margin_top=\"\" margin_bottom=\"\" animation_type=\"\" animation_direction=\"\" animation_speed=\"0.1\" animation_offset=\"\" class=\"\" id=\"\"][\/fusion_builder_column][\/fusion_builder_row][\/fusion_builder_container][fusion_builder_container hundred_percent=\"yes\" overflow=\"visible\"][fusion_builder_row][fusion_builder_column type=\"1_1\" background_position=\"left top\" background_color=\"\" border_size=\"\" border_color=\"\" border_style=\"solid\" spacing=\"yes\" background_image=\"\" background_repeat=\"no-repeat\" padding=\"\" margin_top=\"0px\" margin_bottom=\"0px\" class=\"\" id=\"\" animation_type=\"\" animation_speed=\"0.3\" animation_direction=\"left\" hide_on_mobile=\"no\" center_content=\"no\" min_height=\"none\"][fusion_text][\/fusion_text][\/fusion_builder_column][fusion_builder_column type=\"1_1\" background_position=\"left top\" background_color=\"\" border_size=\"\" border_color=\"\" border_style=\"solid\" spacing=\"yes\" background_image=\"\" background_repeat=\"no-repeat\" padding=\"\" margin_top=\"0px\" margin_bottom=\"0px\" class=\"\" id=\"\" animation_type=\"\" animation_speed=\"0.3\" animation_direction=\"left\" hide_on_mobile=\"no\" center_content=\"no\" min_height=\"none\"][:][\/fusion_builder_column][\/fusion_builder_row][\/fusion_builder_container]","_et_gb_content_width":"","footnotes":""},"_links":{"self":[{"href":"https:\/\/grandhotel-alingsas.se\/en\/wp-json\/wp\/v2\/pages\/9500"}],"collection":[{"href":"https:\/\/grandhotel-alingsas.se\/en\/wp-json\/wp\/v2\/pages"}],"about":[{"href":"https:\/\/grandhotel-alingsas.se\/en\/wp-json\/wp\/v2\/types\/page"}],"author":[{"embeddable":true,"href":"https:\/\/grandhotel-alingsas.se\/en\/wp-json\/wp\/v2\/users\/2"}],"replies":[{"embeddable":true,"href":"https:\/\/grandhotel-alingsas.se\/en\/wp-json\/wp\/v2\/comments?post=9500"}],"version-history":[{"count":3,"href":"https:\/\/grandhotel-alingsas.se\/en\/wp-json\/wp\/v2\/pages\/9500\/revisions"}],"predecessor-version":[{"id":9503,"href":"https:\/\/grandhotel-alingsas.se\/en\/wp-json\/wp\/v2\/pages\/9500\/revisions\/9503"}],"up":[{"embeddable":true,"href":"https:\/\/grandhotel-alingsas.se\/en\/wp-json\/wp\/v2\/pages\/9587"}],"wp:attachment":[{"href":"https:\/\/grandhotel-alingsas.se\/en\/wp-json\/wp\/v2\/media?parent=9500"}],"curies":[{"name":"wp","href":"https:\/\/api.w.org\/{rel}","templated":true}]}}