{"id":9505,"date":"2024-06-14T15:43:04","date_gmt":"2024-06-14T13:43:04","guid":{"rendered":"https:\/\/grandhotel-alingsas.se\/jobb\/"},"modified":"2024-06-14T14:22:21","modified_gmt":"2024-06-14T12:22:21","slug":"work","status":"publish","type":"page","link":"https:\/\/grandhotel-alingsas.se\/en\/work\/","title":{"rendered":"Work"},"content":{"rendered":"<p>[et_pb_section fb_built=&#8221;1&#8243; _builder_version=&#8221;4.16&#8243; global_colors_info=&#8221;{}&#8221;][et_pb_row _builder_version=&#8221;4.16&#8243; global_colors_info=&#8221;{}&#8221;][et_pb_column type=&#8221;4_4&#8243; _builder_version=&#8221;4.16&#8243; custom_padding=&#8221;|||&#8221; global_colors_info=&#8221;{}&#8221; custom_padding__hover=&#8221;|||&#8221;][et_pb_image src=&#8221;https:\/\/grandhotel-alingsas.se\/wp-content\/uploads\/2016\/12\/Servering-med-hjartat-pa-ratt-stalle.jpg&#8221; title_text=&#8221;Servering-med-hjartat-pa-ratt-stalle&#8221; _builder_version=&#8221;4.25.0&#8243; _module_preset=&#8221;default&#8221; global_colors_info=&#8221;{}&#8221;][\/et_pb_image][et_pb_text _builder_version=&#8221;4.25.0&#8243; background_size=&#8221;initial&#8221; background_position=&#8221;top_left&#8221; background_repeat=&#8221;repeat&#8221; hover_enabled=&#8221;0&#8243; global_colors_info=&#8221;{}&#8221; sticky_enabled=&#8221;0&#8243;]<\/p>\n<h2>Do you want to work with us?<\/h2>\n<p><strong>Right now we are not hiring.\u00a0<\/strong><\/p>\n<hr \/>\n<p>&nbsp;<\/p>\n<p>[\/et_pb_text][\/et_pb_column][\/et_pb_row][\/et_pb_section]<\/p>\n","protected":false},"excerpt":{"rendered":"<p>Do you want to work with us? Right now we are not hiring.\u00a0 &nbsp;<\/p>\n","protected":false},"author":2,"featured_media":0,"parent":0,"menu_order":0,"comment_status":"closed","ping_status":"closed","template":"","meta":{"_et_pb_use_builder":"on","_et_pb_old_content":"[fusion_builder_container hundred_percent=\"yes\" overflow=\"visible\"][fusion_builder_row][fusion_builder_column type=\"1_1\" background_position=\"left top\" background_color=\"\" border_size=\"\" border_color=\"\" border_style=\"solid\" spacing=\"yes\" background_image=\"\" background_repeat=\"no-repeat\" padding=\"\" margin_top=\"0px\" margin_bottom=\"0px\" class=\"\" id=\"\" animation_type=\"\" animation_speed=\"0.3\" animation_direction=\"left\" hide_on_mobile=\"no\" center_content=\"no\" min_height=\"none\"][:en][fusion_builder_row_inner][fusion_builder_column_inner type=\"1_6\" last=\"no\" spacing=\"yes\" center_content=\"no\" hide_on_mobile=\"no\" background_color=\"\" background_image=\"\" background_repeat=\"no-repeat\" background_position=\"left top\" hover_type=\"none\" link=\"\" border_position=\"all\" border_size=\"0px\" border_color=\"\" border_style=\"\" padding=\"\" margin_top=\"\" margin_bottom=\"\" animation_type=\"\" animation_direction=\"\" animation_speed=\"0.1\" animation_offset=\"\" class=\"\" id=\"\"][\/fusion_builder_column_inner][\/fusion_builder_column][fusion_builder_column type=\"2_3\" last=\"no\" spacing=\"yes\" center_content=\"no\" hide_on_mobile=\"no\" background_color=\"\" background_image=\"\" background_repeat=\"no-repeat\" background_position=\"left top\" hover_type=\"none\" link=\"\" border_position=\"all\" border_size=\"0px\" border_color=\"\" border_style=\"\" padding=\"\" margin_top=\"\" margin_bottom=\"\" animation_type=\"\" animation_direction=\"\" animation_speed=\"0.1\" animation_offset=\"\" class=\"\" id=\"\"][fusion_imageframe lightbox=\"no\" gallery_id=\"\" lightbox_image=\"\" style_type=\"none\" hover_type=\"none\" bordercolor=\"\" bordersize=\"\" borderradius=\"0\" stylecolor=\"\" align=\"none\" link=\"\" linktarget=\"_self\" animation_type=\"0\" animation_direction=\"down\" animation_speed=\"0.1\" animation_offset=\"\" hide_on_mobile=\"no\" class=\"\" id=\"\"] <img src=\"https:\/\/grandhotel-alingsas.se\/wp-content\/uploads\/2016\/05\/Grand_guldkantadservis.jpg\" alt=\"\" \/>[\/fusion_imageframe][fusion_text]\n<h2 data-fontsize=\"33\" data-lineheight=\"49\">Do you want to work with us?<\/h2>\n<strong>Right now we are not hiring.<\/strong>\n\n[\/fusion_text][\/fusion_builder_column][fusion_builder_column type=\"1_6\" last=\"yes\" spacing=\"yes\" center_content=\"no\" hide_on_mobile=\"no\" background_color=\"\" background_image=\"\" background_repeat=\"no-repeat\" background_position=\"left top\" hover_type=\"none\" link=\"\" border_position=\"all\" border_size=\"0px\" border_color=\"\" border_style=\"\" padding=\"\" margin_top=\"\" margin_bottom=\"\" animation_type=\"\" animation_direction=\"\" animation_speed=\"0.1\" animation_offset=\"\" class=\"\" id=\"\"][\/fusion_builder_column][fusion_builder_column type=\"1_1\" background_position=\"left top\" background_color=\"\" border_size=\"\" border_color=\"\" border_style=\"solid\" spacing=\"yes\" background_image=\"\" background_repeat=\"no-repeat\" padding=\"\" margin_top=\"0px\" margin_bottom=\"0px\" class=\"\" id=\"\" animation_type=\"\" animation_speed=\"0.3\" animation_direction=\"left\" hide_on_mobile=\"no\" center_content=\"no\" min_height=\"none\"][:sv][fusion_builder_column_inner type=\"1_6\" last=\"no\" spacing=\"yes\" center_content=\"no\" hide_on_mobile=\"no\" background_color=\"\" background_image=\"\" background_repeat=\"no-repeat\" background_position=\"left top\" hover_type=\"none\" link=\"\" border_position=\"all\" border_size=\"0px\" border_color=\"\" border_style=\"\" padding=\"\" margin_top=\"\" margin_bottom=\"\" animation_type=\"\" animation_direction=\"\" animation_speed=\"0.1\" animation_offset=\"\" class=\"\" id=\"\"][\/fusion_builder_column_inner][\/fusion_builder_column][fusion_builder_column type=\"2_3\" last=\"no\" spacing=\"yes\" center_content=\"no\" hide_on_mobile=\"no\" background_color=\"\" background_image=\"\" background_repeat=\"no-repeat\" background_position=\"left top\" hover_type=\"none\" link=\"\" border_position=\"all\" border_size=\"0px\" border_color=\"\" border_style=\"\" padding=\"\" margin_top=\"\" margin_bottom=\"\" animation_type=\"\" animation_direction=\"\" animation_speed=\"0.1\" animation_offset=\"\" class=\"\" id=\"\"][fusion_imageframe lightbox=\"no\" gallery_id=\"\" lightbox_image=\"\" style_type=\"none\" hover_type=\"none\" bordercolor=\"\" bordersize=\"\" borderradius=\"0\" stylecolor=\"\" align=\"none\" link=\"\" linktarget=\"_self\" animation_type=\"0\" animation_direction=\"down\" animation_speed=\"0.1\" animation_offset=\"\" hide_on_mobile=\"no\" class=\"\" id=\"\"] <img src=\"https:\/\/grandhotel-alingsas.se\/wp-content\/uploads\/2016\/12\/Servering-med-hjartat-pa-ratt-stalle.jpg\" alt=\"\" \/>[\/fusion_imageframe][fusion_text]\n<h2>Vill Du ocks\u00e5 arbeta i mysiga Kaf\u00e9staden Alings\u00e5s p\u00e5 anrika Grand Hotel i en fantastisk hotellmilj\u00f6?<\/h2>\n<strong>\u00a0<\/strong>[\/fusion_text][fusion_text]\n\n<hr \/>\n\n<h3>Lediga tj\u00e4nster<\/h3>\n<strong>Vi har alltid ett stort behov av f\u00f6ljande personal f\u00f6r enstaka dagar under s\u00e4song:<\/strong>\n\n<strong>Kockar<\/strong>\u00a0-\u00a0Intresseanm\u00e4lan via mail till:\u00a0<a href=\"mailto:kok@grandhotel-alingsas.se\">kok@grandhotel-alingsas.se<\/a>\n\n<strong>Serveringspersonal och bartender -\u00a0<\/strong>Intresseanm\u00e4lan via mail: <a href=\"mailto:alexandra@grandhotel-alingsas.se\">alexandra@grandhotel-alingsas.se<\/a>\n\n<hr \/>\n\n<strong>Vi ser fram emot din ans\u00f6kan och ditt bidrag till att vara en del av v\u00e5rt h\u00e4rliga team!<\/strong>[\/fusion_text][\/fusion_builder_column][fusion_builder_column type=\"1_6\" last=\"yes\" spacing=\"yes\" center_content=\"no\" hide_on_mobile=\"no\" background_color=\"\" background_image=\"\" background_repeat=\"no-repeat\" background_position=\"left top\" hover_type=\"none\" link=\"\" border_position=\"all\" border_size=\"0px\" border_color=\"\" border_style=\"\" padding=\"\" margin_top=\"\" margin_bottom=\"\" animation_type=\"\" animation_direction=\"\" animation_speed=\"0.1\" animation_offset=\"\" class=\"\" id=\"\"][\/fusion_builder_column][fusion_builder_column type=\"1_1\" background_position=\"left top\" background_color=\"\" border_size=\"\" border_color=\"\" border_style=\"solid\" spacing=\"yes\" background_image=\"\" background_repeat=\"no-repeat\" padding=\"\" margin_top=\"0px\" margin_bottom=\"0px\" class=\"\" id=\"\" animation_type=\"\" animation_speed=\"0.3\" animation_direction=\"left\" hide_on_mobile=\"no\" center_content=\"no\" min_height=\"none\"][:][\/fusion_builder_column][\/fusion_builder_row][\/fusion_builder_container]","_et_gb_content_width":"","footnotes":""},"_links":{"self":[{"href":"https:\/\/grandhotel-alingsas.se\/en\/wp-json\/wp\/v2\/pages\/9505"}],"collection":[{"href":"https:\/\/grandhotel-alingsas.se\/en\/wp-json\/wp\/v2\/pages"}],"about":[{"href":"https:\/\/grandhotel-alingsas.se\/en\/wp-json\/wp\/v2\/types\/page"}],"author":[{"embeddable":true,"href":"https:\/\/grandhotel-alingsas.se\/en\/wp-json\/wp\/v2\/users\/2"}],"replies":[{"embeddable":true,"href":"https:\/\/grandhotel-alingsas.se\/en\/wp-json\/wp\/v2\/comments?post=9505"}],"version-history":[{"count":3,"href":"https:\/\/grandhotel-alingsas.se\/en\/wp-json\/wp\/v2\/pages\/9505\/revisions"}],"predecessor-version":[{"id":9508,"href":"https:\/\/grandhotel-alingsas.se\/en\/wp-json\/wp\/v2\/pages\/9505\/revisions\/9508"}],"wp:attachment":[{"href":"https:\/\/grandhotel-alingsas.se\/en\/wp-json\/wp\/v2\/media?parent=9505"}],"curies":[{"name":"wp","href":"https:\/\/api.w.org\/{rel}","templated":true}]}}