{"id":9509,"date":"2024-06-14T15:06:04","date_gmt":"2024-06-14T13:06:04","guid":{"rendered":"https:\/\/grandhotel-alingsas.se\/hyr-en-cykel\/"},"modified":"2024-06-14T14:21:36","modified_gmt":"2024-06-14T12:21:36","slug":"rent-a-bike","status":"publish","type":"page","link":"https:\/\/grandhotel-alingsas.se\/en\/erbjudande\/rent-a-bike\/","title":{"rendered":"Rent a bike"},"content":{"rendered":"<p>[et_pb_section fb_built=&#8221;1&#8243; _builder_version=&#8221;4.16&#8243; global_colors_info=&#8221;{}&#8221;][et_pb_row _builder_version=&#8221;4.16&#8243; global_colors_info=&#8221;{}&#8221;][et_pb_column type=&#8221;4_4&#8243; _builder_version=&#8221;4.16&#8243; custom_padding=&#8221;|||&#8221; global_colors_info=&#8221;{}&#8221; custom_padding__hover=&#8221;|||&#8221;][et_pb_image src=&#8221;https:\/\/grandhotel-alingsas.se\/wp-content\/uploads\/2020\/04\/Hyrcykel-Grand.jpg&#8221; title_text=&#8221;Hyrcykel-Grand&#8221; _builder_version=&#8221;4.25.0&#8243; _module_preset=&#8221;default&#8221; global_colors_info=&#8221;{}&#8221;][\/et_pb_image][et_pb_text _builder_version=&#8221;4.25.0&#8243; background_size=&#8221;initial&#8221; background_position=&#8221;top_left&#8221; background_repeat=&#8221;repeat&#8221; hover_enabled=&#8221;0&#8243; global_colors_info=&#8221;{}&#8221; sticky_enabled=&#8221;0&#8243;]<\/p>\n<h2>Rent a bike<\/h2>\n<p><em>Discover more of Alings\u00e5s from your bicycle saddle<\/em><\/p>\n<p><strong>Are you looking to rent a bike to discover the town of Alings\u00e5s and its surroundings? Then we have the option for you! Explore forest and nature conveniently on two wheels, starting in the town center.<\/strong><\/p>\n<p>Whether you\u2019re planning an active bike-vacation or want to take a calm trip along lakes and historical monuments, Alings\u00e5s is an excellent choice. Here you will find a lot of cycle paths and bike-friendly tours. Also, going by bike instead of a car is good for both us and the environment!<\/p>\n<p>From the 1:th of April you have the option to rent a bike for one or more days, either on your own or with your family and friends. Rental is at Grand Hotel, where six bikes are available between the period <strong>1:th of April to 30:th of October<\/strong> for <strong>160 SEK\/day including bike and helmet. <\/strong>You can pick up a free map of all the cycle paths around the county in the reception at Grand Hotel or at Alings\u00e5s tourist information.<\/p>\n<p><strong>Make a reservation by email:\u00a0<\/strong><a href=\"mailto:info@grandhotel-alingsas.se\"><strong>info@grandhotel-alingsas.se\u00a0<\/strong><\/a>or call us<strong>\u00a0+ 46\u00a0322\u00a0670 100<\/strong><\/p>\n<p><strong>Bring a picnic basket from Grand Hotel \u2013 Coffee, juice, sandwich and fruit 95 SEK.<\/strong><\/p>\n<p><strong>For more information about trips worth discovering and cycle paths close to nature, visit: <\/strong><a href=\"https:\/\/www.vastsverige.com\/alingsas\/se-och-gora\/naturupplevelser\/cykla\/\"><strong>Cykelutflykter &gt;&gt;<\/strong><\/a><\/p>\n<p>[\/et_pb_text][\/et_pb_column][\/et_pb_row][\/et_pb_section]<\/p>\n","protected":false},"excerpt":{"rendered":"<p>Rent a bike Discover more of Alings\u00e5s from your bicycle saddle Are you looking to rent a bike to discover the town of Alings\u00e5s and its surroundings? Then we have [&hellip;]<\/p>\n","protected":false},"author":2,"featured_media":0,"parent":9603,"menu_order":0,"comment_status":"closed","ping_status":"closed","template":"","meta":{"_et_pb_use_builder":"on","_et_pb_old_content":"[fusion_builder_container hundred_percent=\"yes\" overflow=\"visible\"][fusion_builder_row][fusion_builder_column type=\"1_1\" background_position=\"left top\" background_color=\"\" border_size=\"\" border_color=\"\" border_style=\"solid\" spacing=\"yes\" background_image=\"\" background_repeat=\"no-repeat\" padding=\"\" margin_top=\"0px\" margin_bottom=\"0px\" class=\"\" id=\"\" animation_type=\"\" animation_speed=\"0.3\" animation_direction=\"left\" hide_on_mobile=\"no\" center_content=\"no\" min_height=\"none\"][:en][\/fusion_builder_column][\/fusion_builder_row][\/fusion_builder_container][fusion_builder_container background_color=\"\" background_image=\"\" background_parallax=\"none\" enable_mobile=\"no\" parallax_speed=\"0.3\" background_repeat=\"no-repeat\" background_position=\"left top\" video_url=\"\" video_aspect_ratio=\"16:9\" video_webm=\"\" video_mp4=\"\" video_ogv=\"\" video_preview_image=\"\" overlay_color=\"\" overlay_opacity=\"0.5\" video_mute=\"yes\" video_loop=\"yes\" fade=\"no\" border_size=\"0px\" border_color=\"\" border_style=\"\" padding_top=\"20\" padding_bottom=\"20\" padding_left=\"\" padding_right=\"\" hundred_percent=\"no\" equal_height_columns=\"no\" hide_on_mobile=\"no\" menu_anchor=\"\" class=\"\" id=\"\"][fusion_builder_row][fusion_builder_column type=\"1_1\" last=\"yes\" spacing=\"yes\" center_content=\"no\" hide_on_mobile=\"no\" background_color=\"\" background_image=\"\" background_repeat=\"no-repeat\" background_position=\"left top\" hover_type=\"none\" link=\"\" border_position=\"all\" border_size=\"0px\" border_color=\"\" border_style=\"\" padding=\"\" margin_top=\"\" margin_bottom=\"\" animation_type=\"\" animation_direction=\"\" animation_speed=\"0.1\" animation_offset=\"\" class=\"\" id=\"\"][fusion_images picture_size=\"auto\" hover_type=\"none\" autoplay=\"yes\" columns=\"1\" column_spacing=\"13\" scroll_items=\"\" show_nav=\"yes\" mouse_scroll=\"no\" border=\"yes\" lightbox=\"yes\" class=\"\" id=\"\"][fusion_image link=\"\" linktarget=\"_self\" image=\"https:\/\/grandhotel-alingsas.se\/wp-content\/uploads\/2020\/04\/Hyrcykel-Grand.jpg\" alt=\"\"\/][fusion_image link=\"\" linktarget=\"_self\" image=\"https:\/\/grandhotel-alingsas.se\/wp-content\/uploads\/2020\/04\/Hyrcykel-Grand-2.jpg\" alt=\"\"\/][\/fusion_images][\/fusion_builder_column][fusion_builder_column type=\"1_6\" last=\"no\" spacing=\"yes\" center_content=\"no\" hide_on_mobile=\"no\" background_color=\"\" background_image=\"\" background_repeat=\"no-repeat\" background_position=\"left top\" hover_type=\"none\" link=\"\" border_position=\"all\" border_size=\"0px\" border_color=\"\" border_style=\"solid\" padding=\"\" margin_top=\"\" margin_bottom=\"\" animation_type=\"0\" animation_direction=\"down\" animation_speed=\"0.1\" animation_offset=\"\" class=\"\" id=\"\"][\/fusion_builder_column][fusion_builder_column type=\"2_3\" last=\"no\" spacing=\"yes\" center_content=\"no\" hide_on_mobile=\"no\" background_color=\"\" background_image=\"\" background_repeat=\"no-repeat\" background_position=\"left top\" hover_type=\"none\" link=\"\" border_position=\"all\" border_size=\"0px\" border_color=\"\" border_style=\"\" padding=\"\" margin_top=\"\" margin_bottom=\"\" animation_type=\"\" animation_direction=\"\" animation_speed=\"0.1\" animation_offset=\"\" class=\"\" id=\"\"][fusion_text]\r\n<h2>Rent a bike<\/h2>\r\n<em>Discover more of Alings\u00e5s from your bicycle saddle<\/em>\r\n\r\n<strong>Are you looking to rent a bike to discover the town of Alings\u00e5s and its surroundings? Then we have the option for you! Explore forest and nature conveniently on two wheels, starting in the town center.<\/strong>\r\n\r\nWhether you\u2019re planning an active bike-vacation or want to take a calm trip along lakes and historical monuments, Alings\u00e5s is an excellent choice. Here you will find a lot of cycle paths and bike-friendly tours. Also, going by bike instead of a car is good for both us and the environment!\r\n\r\nFrom the 1:th of April you have the option to rent a bike for one or more days, either on your own or with your family and friends. Rental is at Grand Hotel, where six bikes are available between the period <strong>1:th of April to 30:th of October<\/strong> for <strong>160 SEK\/day including bike and helmet. <\/strong>You can pick up a free map of all the cycle paths around the county in the reception at Grand Hotel or at Alings\u00e5s tourist information.\r\n\r\n<strong>Make a reservation by email:\u00a0<\/strong><strong><a href=\"mailto:info@grandhotel-alingsas.se\">info@grandhotel-alingsas.se\u00a0<\/a><\/strong>or call us<strong>\u00a00322-670100<\/strong>\r\n\r\n<strong>Bring a picnic basket from Grand Hotel \u2013 Coffee, juice, sandwich and fruit 95 SEK.<\/strong>\r\n\r\n<strong>For more information about trips worth discovering and cycle paths close to nature, visit: <a href=\"https:\/\/www.vastsverige.com\/alingsas\/se-och-gora\/naturupplevelser\/cykla\/\">Cykelutflykter &gt;&gt;<\/a><\/strong>[\/fusion_text][\/fusion_builder_column][fusion_builder_column type=\"1_6\" last=\"yes\" spacing=\"yes\" center_content=\"no\" hide_on_mobile=\"no\" background_color=\"\" background_image=\"\" background_repeat=\"no-repeat\" background_position=\"left top\" hover_type=\"none\" link=\"\" border_position=\"all\" border_size=\"0px\" border_color=\"\" border_style=\"solid\" padding=\"\" margin_top=\"\" margin_bottom=\"\" animation_type=\"0\" animation_direction=\"down\" animation_speed=\"0.1\" animation_offset=\"\" class=\"\" id=\"\"][\/fusion_builder_column][\/fusion_builder_row][\/fusion_builder_container][fusion_builder_container hundred_percent=\"yes\" overflow=\"visible\"][fusion_builder_row][fusion_builder_column type=\"1_1\" background_position=\"left top\" background_color=\"\" border_size=\"\" border_color=\"\" border_style=\"solid\" spacing=\"yes\" background_image=\"\" background_repeat=\"no-repeat\" padding=\"\" margin_top=\"0px\" margin_bottom=\"0px\" class=\"\" id=\"\" animation_type=\"\" animation_speed=\"0.3\" animation_direction=\"left\" hide_on_mobile=\"no\" center_content=\"no\" min_height=\"none\"][:sv][\/fusion_builder_column][\/fusion_builder_row][\/fusion_builder_container][fusion_builder_container background_color=\"\" background_image=\"\" background_parallax=\"none\" enable_mobile=\"no\" parallax_speed=\"0.3\" background_repeat=\"no-repeat\" background_position=\"left top\" video_url=\"\" video_aspect_ratio=\"16:9\" video_webm=\"\" video_mp4=\"\" video_ogv=\"\" video_preview_image=\"\" overlay_color=\"\" overlay_opacity=\"0.5\" video_mute=\"yes\" video_loop=\"yes\" fade=\"no\" border_size=\"0px\" border_color=\"\" border_style=\"\" padding_top=\"20\" padding_bottom=\"20\" padding_left=\"\" padding_right=\"\" hundred_percent=\"no\" equal_height_columns=\"no\" hide_on_mobile=\"no\" menu_anchor=\"\" class=\"\" id=\"\"][fusion_builder_row][fusion_builder_column type=\"1_1\" last=\"yes\" spacing=\"yes\" center_content=\"no\" hide_on_mobile=\"no\" background_color=\"\" background_image=\"\" background_repeat=\"no-repeat\" background_position=\"left top\" hover_type=\"none\" link=\"\" border_position=\"all\" border_size=\"0px\" border_color=\"\" border_style=\"\" padding=\"\" margin_top=\"\" margin_bottom=\"\" animation_type=\"\" animation_direction=\"\" animation_speed=\"0.1\" animation_offset=\"\" class=\"\" id=\"\"][fusion_images picture_size=\"auto\" hover_type=\"none\" autoplay=\"yes\" columns=\"1\" column_spacing=\"13\" scroll_items=\"\" show_nav=\"yes\" mouse_scroll=\"no\" border=\"yes\" lightbox=\"yes\" class=\"\" id=\"\"][fusion_image link=\"\" linktarget=\"_self\" image=\"https:\/\/grandhotel-alingsas.se\/wp-content\/uploads\/2020\/04\/Hyrcykel-Grand.jpg\" alt=\"\"\/][fusion_image link=\"\" linktarget=\"_self\" image=\"https:\/\/grandhotel-alingsas.se\/wp-content\/uploads\/2020\/04\/Hyrcykel-Grand-2.jpg\" alt=\"\"\/][\/fusion_images][\/fusion_builder_column][fusion_builder_column type=\"1_6\" last=\"no\" spacing=\"yes\" center_content=\"no\" hide_on_mobile=\"no\" background_color=\"\" background_image=\"\" background_repeat=\"no-repeat\" background_position=\"left top\" hover_type=\"none\" link=\"\" border_position=\"all\" border_size=\"0px\" border_color=\"\" border_style=\"solid\" padding=\"\" margin_top=\"\" margin_bottom=\"\" animation_type=\"0\" animation_direction=\"down\" animation_speed=\"0.1\" animation_offset=\"\" class=\"\" id=\"\"][\/fusion_builder_column][fusion_builder_column type=\"2_3\" last=\"no\" spacing=\"yes\" center_content=\"no\" hide_on_mobile=\"no\" background_color=\"\" background_image=\"\" background_repeat=\"no-repeat\" background_position=\"left top\" hover_type=\"none\" link=\"\" border_position=\"all\" border_size=\"0px\" border_color=\"\" border_style=\"\" padding=\"\" margin_top=\"\" margin_bottom=\"\" animation_type=\"\" animation_direction=\"\" animation_speed=\"0.1\" animation_offset=\"\" class=\"\" id=\"\"][fusion_text]\r\n<h2>Hyr en cykel<\/h2>\r\n<em>Uppt\u00e4ck mer av Alings\u00e5s fr\u00e5n cykelsadeln<\/em>\r\n\r\n<strong>\u00c4r du sugen p\u00e5 att hyra en cykel f\u00f6r att uppt\u00e4cka staden Alings\u00e5s med omgivningar? D\u00e5 har vi alternativet f\u00f6r dig! Enkelt och smidigt kan du bege dig ut i skog och natur p\u00e5 tv\u00e5 hjul med start i stadsk\u00e4rnan.<\/strong>\r\n\r\nVare sig du planerar en aktiv cykelsemester eller vill trampa en lugn tur l\u00e4ngs sj\u00f6ar och historiska sev\u00e4rdheter \u00e4r Alings\u00e5s ett utm\u00e4rkt val. H\u00e4r finns cykelv\u00e4gar, cykelleder och cykelv\u00e4nliga rundturer f\u00f6r dig som vill uppleva mer p\u00e5 cykelsadeln. Dessutom m\u00e5r b\u00e5de milj\u00f6n och vi sj\u00e4lva bra av att trampa ist\u00e4llet f\u00f6r att gasa!\r\n\r\nFr\u00e5n\u00a01 april finns det m\u00f6jlighet f\u00f6r dig p\u00e5 egen hand eller med s\u00e4llskap att hyra cykel f\u00f6r en endags- eller flerdagarsutflykt i Alings\u00e5s. Uthyrning sker hos oss p\u00e5 Grand Hotel d\u00e4r fyra stycken damcyklar finns tillg\u00e4ngliga under perioden <strong>1 april - 30 oktober<\/strong> mot en dygnstaxa p\u00e5 <strong>160 kr\/cykel med hj\u00e4lm<\/strong>. Cykelkarta \u00f6ver hela kommunen finns att h\u00e4mta gratis i receptionen p\u00e5 Grand Hotel och p\u00e5 Alings\u00e5s Turistinformation vid Stora Torget.\r\n\r\n<strong>Boka h\u00e4r: <a href=\"mailto:info@grandhotel-alingsas.se\">info@grandhotel-alingsas.se <\/a><\/strong>eller<strong> 0322-670100<\/strong>\r\n\r\n<strong>K\u00f6p med en picknick fr\u00e5n Grand - Kaffe, juice, fralla och frukt 95 kr<\/strong>\r\n\r\nF\u00f6r mer information och tips p\u00e5 sev\u00e4rda rundturer och naturn\u00e4ra cykelstr\u00e5k, bes\u00f6k: <strong><a href=\"https:\/\/www.vastsverige.com\/alingsas\/se-och-gora\/naturupplevelser\/cykla\/\">Cykelutflykter &gt;&gt;<\/a><\/strong>[\/fusion_text][\/fusion_builder_column][fusion_builder_column type=\"1_6\" last=\"yes\" spacing=\"yes\" center_content=\"no\" hide_on_mobile=\"no\" background_color=\"\" background_image=\"\" background_repeat=\"no-repeat\" background_position=\"left top\" hover_type=\"none\" link=\"\" border_position=\"all\" border_size=\"0px\" border_color=\"\" border_style=\"solid\" padding=\"\" margin_top=\"\" margin_bottom=\"\" animation_type=\"0\" animation_direction=\"down\" animation_speed=\"0.1\" animation_offset=\"\" class=\"\" id=\"\"][\/fusion_builder_column][\/fusion_builder_row][\/fusion_builder_container][fusion_builder_container hundred_percent=\"yes\" overflow=\"visible\"][fusion_builder_row][fusion_builder_column type=\"1_1\" background_position=\"left top\" background_color=\"\" border_size=\"\" border_color=\"\" border_style=\"solid\" spacing=\"yes\" background_image=\"\" background_repeat=\"no-repeat\" padding=\"\" margin_top=\"0px\" margin_bottom=\"0px\" class=\"\" id=\"\" animation_type=\"\" animation_speed=\"0.3\" animation_direction=\"left\" hide_on_mobile=\"no\" center_content=\"no\" min_height=\"none\"][:][\/fusion_builder_column][\/fusion_builder_row][\/fusion_builder_container]","_et_gb_content_width":"","footnotes":""},"_links":{"self":[{"href":"https:\/\/grandhotel-alingsas.se\/en\/wp-json\/wp\/v2\/pages\/9509"}],"collection":[{"href":"https:\/\/grandhotel-alingsas.se\/en\/wp-json\/wp\/v2\/pages"}],"about":[{"href":"https:\/\/grandhotel-alingsas.se\/en\/wp-json\/wp\/v2\/types\/page"}],"author":[{"embeddable":true,"href":"https:\/\/grandhotel-alingsas.se\/en\/wp-json\/wp\/v2\/users\/2"}],"replies":[{"embeddable":true,"href":"https:\/\/grandhotel-alingsas.se\/en\/wp-json\/wp\/v2\/comments?post=9509"}],"version-history":[{"count":2,"href":"https:\/\/grandhotel-alingsas.se\/en\/wp-json\/wp\/v2\/pages\/9509\/revisions"}],"predecessor-version":[{"id":9511,"href":"https:\/\/grandhotel-alingsas.se\/en\/wp-json\/wp\/v2\/pages\/9509\/revisions\/9511"}],"up":[{"embeddable":true,"href":"https:\/\/grandhotel-alingsas.se\/en\/wp-json\/wp\/v2\/pages\/9603"}],"wp:attachment":[{"href":"https:\/\/grandhotel-alingsas.se\/en\/wp-json\/wp\/v2\/media?parent=9509"}],"curies":[{"name":"wp","href":"https:\/\/api.w.org\/{rel}","templated":true}]}}