{"id":12070,"date":"2025-09-29T16:21:11","date_gmt":"2025-09-29T14:21:11","guid":{"rendered":"https:\/\/grandhotel-alingsas.se\/?post_type=product&#038;p=12070"},"modified":"2026-02-05T16:32:57","modified_gmt":"2026-02-05T15:32:57","slug":"rickfors","status":"publish","type":"product","link":"https:\/\/grandhotel-alingsas.se\/en\/produkt\/rickfors\/","title":{"rendered":"Mikael Rickfors Dinnershow 9\/5"},"content":{"rendered":"<p><strong>Mikael Rickfors Dinnershow\u00a0<\/strong><\/p>\n<p>Med sin fantastiska r\u00f6st och starka l\u00e5tskatt framf\u00f6r Mikael Rickfors tillsammans med sina medmusikanter Jonatan Stenson, gitarr och Louise Raeder, s\u00e5ng och percussion, p\u00e5 en intim och k\u00e4nslosam konsertupplevelse. F\u00f6rv\u00e4nta dig musik med sj\u00e4l, v\u00e4rme och n\u00e4rvaro.\u200b\u200b<\/p>\n<p>Legendaren Rickfors bjuder p\u00e5 en musikalisk upplevelse ut\u00f6ver det vanliga med l\u00e5tar fr\u00e5n sin l\u00e5nga karri\u00e4r. P\u00e5 repertoaren \u00e5terfinns hans mest \u00e4lskade l\u00e5tar, som bland annat \u201dWhen a man loves a women\u201d, &#8220;Som stormen river \u00f6ppet hav\u201d och \u201dVingar\u201d, och \u00e4ven hans personliga tolkningar av klassiker som \u201dA Whiter Shade of Pale\u201d och \u201dAmazing Grace\u201d.<\/p>\n<p><strong>Biljetter: <\/strong><strong><a href=\"https:\/\/www.nortic.se\/ticket\/event\/77453\">Boka biljetter till Mikael Rickfors Trio<\/a> <\/strong><\/p>\n<ul>\n<li>Showbiljett: 495 kr<\/li>\n<li>Show med 2-r\u00e4ttersmiddag inkl. kaffe 975 kr<\/li>\n<li>Barbiljett med sidosikt: 350 kr<\/li>\n<\/ul>\n<p><img loading=\"lazy\" decoding=\"async\" class=\"alignnone wp-image-12075 size-full\" src=\"https:\/\/grandhotel-alingsas.se\/wp-content\/uploads\/2025\/12\/Meny-Rickfors_2026.jpg\" alt=\"\" width=\"1000\" height=\"302\" srcset=\"https:\/\/grandhotel-alingsas.se\/wp-content\/uploads\/2025\/12\/Meny-Rickfors_2026.jpg 1000w, https:\/\/grandhotel-alingsas.se\/wp-content\/uploads\/2025\/12\/Meny-Rickfors_2026-980x296.jpg 980w, https:\/\/grandhotel-alingsas.se\/wp-content\/uploads\/2025\/12\/Meny-Rickfors_2026-480x145.jpg 480w\" sizes=\"(min-width: 0px) and (max-width: 480px) 480px, (min-width: 481px) and (max-width: 980px) 980px, (min-width: 981px) 1000px, 100vw\" \/><br \/>\n<strong>\u00d6ppettider:<br \/>\n<\/strong>17:00\u00a0 \u00a0 \u00a0 \u00a0 \u00a0 \u00a0Baren \u00f6ppnar<br \/>\n18:00\u00a0 \u00a0 \u00a0 \u00a0 \u00a0 \u00a0Middag 2-r\u00e4tters inkl. kaffe &amp; chokladbit<br \/>\n20:30\u00a0 \u00a0 \u00a0 \u00a0 \u00a0 \u00a0Showstart \u2013 show ca 2 timmar<br \/>\n24:00\u00a0 \u00a0 \u00a0 \u00a0 \u00a0 \u00a0Baren st\u00e4nger &#8211; tack f\u00f6r ikv\u00e4ll!<\/p>\n<p><strong>Hotellrum p\u00e5 Grand Hotel:<br \/>\n<\/strong>Dubbelrum inkl. frukost 1 495 kr \/ natt<br \/>\nEnkelrum inkl. frukost 1 195 kr \/ natt<br \/>\nBokningskoden \u201dRickfors26\u201d g\u00e4ller vid k\u00f6pt biljett och bokas via receptionen 0322-67 01 00 eller via Bokaknapp nedan:<\/p>\n<p><a class=\"single_add_to_cart_button button alt\" href=\"https:\/\/app.mews.com\/distributor\/30f91516-a08f-4415-8348-b23300914d2f?mewsAvailabilityBlockId=815751c8-52d1-4288-8ab5-b34e00ca1da3&amp;mewsStart=2026-01-24&amp;mewsEnd=2026-01-25\" target=\"_blank\" rel=\"nofollow noopener noreferrer\">BOKA RUM<\/a><\/p>\n","protected":false},"excerpt":{"rendered":"<p>Mikael Rickfors Dinnershow\u00a0 Med sin fantastiska r\u00f6st och starka l\u00e5tskatt framf\u00f6r Mikael Rickfors tillsammans med sina medmusikanter Jonatan Stenson, gitarr och Louise Raeder, s\u00e5ng och percussion, p\u00e5 en intim och [&hellip;]<\/p>\n","protected":false},"featured_media":12077,"comment_status":"open","ping_status":"closed","template":"","meta":{"_et_pb_use_builder":"","_et_pb_old_content":"","_et_gb_content_width":""},"product_cat":[9,54,15],"product_tag":[],"_links":{"self":[{"href":"https:\/\/grandhotel-alingsas.se\/en\/wp-json\/wp\/v2\/product\/12070"}],"collection":[{"href":"https:\/\/grandhotel-alingsas.se\/en\/wp-json\/wp\/v2\/product"}],"about":[{"href":"https:\/\/grandhotel-alingsas.se\/en\/wp-json\/wp\/v2\/types\/product"}],"replies":[{"embeddable":true,"href":"https:\/\/grandhotel-alingsas.se\/en\/wp-json\/wp\/v2\/comments?post=12070"}],"wp:featuredmedia":[{"embeddable":true,"href":"https:\/\/grandhotel-alingsas.se\/en\/wp-json\/wp\/v2\/media\/12077"}],"wp:attachment":[{"href":"https:\/\/grandhotel-alingsas.se\/en\/wp-json\/wp\/v2\/media?parent=12070"}],"wp:term":[{"taxonomy":"product_cat","embeddable":true,"href":"https:\/\/grandhotel-alingsas.se\/en\/wp-json\/wp\/v2\/product_cat?post=12070"},{"taxonomy":"product_tag","embeddable":true,"href":"https:\/\/grandhotel-alingsas.se\/en\/wp-json\/wp\/v2\/product_tag?post=12070"}],"curies":[{"name":"wp","href":"https:\/\/api.w.org\/{rel}","templated":true}]}}