{"id":537,"date":"2026-04-08T13:13:44","date_gmt":"2026-04-08T11:13:44","guid":{"rendered":"https:\/\/grandhotel-alingsas.se\/?post_type=product&#038;p=537"},"modified":"2026-05-11T08:14:58","modified_gmt":"2026-05-11T06:14:58","slug":"soderkakar","status":"publish","type":"product","link":"https:\/\/grandhotel-alingsas.se\/en\/produkt\/soderkakar\/","title":{"rendered":"S\u00f6derk\u00e5kar i Alings\u00e5s"},"content":{"rendered":"<h2>V\u00e4lkommen till komedin S\u00f6derk\u00e5kar Alings\u00e5s!<\/h2>\n<p><strong>I maj och juni 2026 spelas den klassiska komedip\u00e4rlan S\u00f6derk\u00e5kar i Alings\u00e5s, under bar himmel, med vandrarhemmet Villa Plantagets mysiga tr\u00e4dg\u00e5rd som teatersalong! Det blir massor av h\u00e4rlig teater, en och annan s\u00e5ng och givetvis god mat och dryck fr\u00e5n Villa Plantaget.<\/strong><\/p>\n<p>S\u00f6derk\u00e5kar \u00e4r en varm komedi om livets lotteri, k\u00e4rlek med f\u00f6rhinder och sprit i en f\u00e5gelholk. F\u00f6rutom teaterupplevelsen erbjuder Villa Plantaget gott att \u00e4ta, dricka och fika f\u00f6re f\u00f6rest\u00e4llningen och i pausen. Den som vill unna sig lite extra bokar mat- och teaterpaketet med bordsplats i matt\u00e4ltet. Sj\u00e4lvklart kan ni boka \u00e4ven middag p\u00e5 hotellet, restaurangen p\u00e5 Grand Hotel, vi \u00f6ppnar kl. 16 p\u00e5 fredagar och kl. 17 p\u00e5 l\u00f6rdagar. S\u00f6ndagar st\u00e4ngt.<\/p>\n<p><strong>F\u00f6rest\u00e4llningar:<\/strong> Fredag 22 maj kl. 18.30 | L\u00f6rdag 23 maj kl. 17.00 | S\u00f6ndag 24 maj kl. 17.00 | Fredag 29 maj kl. 18.30 | L\u00f6rdag 30 maj kl. 17.00 | S\u00f6ndag 31 maj kl. 17.00 | L\u00f6rdag 6 juni kl. 17.00 | S\u00f6ndag 7 juni kl. 17.00<\/p>\n<p><strong>Biljettpris: 325 kr<\/strong>\u00a0Mat- och teaterpaket 595 kr. Serviceavgift 30 kr tillkommer. I mat- och teaterpaketet ing\u00e5r Villa Plantagets h\u00e4rliga och matiga sm\u00f6rrebr\u00f6dslandg\u00e5ng.<br \/>\n<em>F\u00f6rest\u00e4llningen \u00e4r drygt 2,5 timmar inkl. paus. Insl\u00e4pp till parkett ca 20 minuter innan f\u00f6rest\u00e4llningen b\u00f6rjar. Insl\u00e4pp till matt\u00e4ltet en timme innan f\u00f6rest\u00e4llningen b\u00f6rjar.<\/em><\/p>\n<p><a href=\"https:\/\/www.tickster.com\/se\/sv\/events\/1bbpgvrwvb5f405\/2026-05-22\/soderkakar-alingsas\" target=\"_blank\" rel=\"noopener\"><strong>Boka din biljett &gt;&gt;<\/strong><\/a><\/p>\n<p><strong>Grand Hotel erbjuder specialpris f\u00f6r bes\u00f6karna till S\u00f6derk\u00e5kar: 10% rabatt p\u00e5 ordinarie logipris.<br \/>\n<a href=\"https:\/\/app.mews.com\/distributor\/30f91516-a08f-4415-8348-b23300914d2f?mewsVoucherCode=S%C3%B6derk%C3%A5kar%202026\" target=\"_blank\" rel=\"noopener\">Bokningsl\u00e4nk f\u00f6r hotellerbjudandet &gt;&gt;<\/a><br \/>\n<\/strong>G\u00e5r \u00e4ven att boka via mail <a href=\"mailto:info@grandhotel-alingsas.se\" target=\"_blank\" rel=\"noopener\">info@grandhotel-alingsas.se<\/a> alt telefon 0322-670100<\/p>\n<p><strong>Adress teatern:<\/strong> Nyebrogatan 2, Villa Plantaget, Alings\u00e5s Vandrarhem<\/p>\n","protected":false},"excerpt":{"rendered":"<p>V\u00e4lkommen till komedin S\u00f6derk\u00e5kar Alings\u00e5s! I maj och juni 2026 spelas den klassiska komedip\u00e4rlan S\u00f6derk\u00e5kar i Alings\u00e5s, under bar himmel, med vandrarhemmet Villa Plantagets mysiga tr\u00e4dg\u00e5rd som teatersalong! Det blir [&hellip;]<\/p>\n","protected":false},"featured_media":12353,"comment_status":"open","ping_status":"closed","template":"","meta":{"_et_pb_use_builder":"","_et_pb_old_content":"","_et_gb_content_width":""},"product_cat":[25,54,43,15],"product_tag":[],"_links":{"self":[{"href":"https:\/\/grandhotel-alingsas.se\/en\/wp-json\/wp\/v2\/product\/537"}],"collection":[{"href":"https:\/\/grandhotel-alingsas.se\/en\/wp-json\/wp\/v2\/product"}],"about":[{"href":"https:\/\/grandhotel-alingsas.se\/en\/wp-json\/wp\/v2\/types\/product"}],"replies":[{"embeddable":true,"href":"https:\/\/grandhotel-alingsas.se\/en\/wp-json\/wp\/v2\/comments?post=537"}],"wp:featuredmedia":[{"embeddable":true,"href":"https:\/\/grandhotel-alingsas.se\/en\/wp-json\/wp\/v2\/media\/12353"}],"wp:attachment":[{"href":"https:\/\/grandhotel-alingsas.se\/en\/wp-json\/wp\/v2\/media?parent=537"}],"wp:term":[{"taxonomy":"product_cat","embeddable":true,"href":"https:\/\/grandhotel-alingsas.se\/en\/wp-json\/wp\/v2\/product_cat?post=537"},{"taxonomy":"product_tag","embeddable":true,"href":"https:\/\/grandhotel-alingsas.se\/en\/wp-json\/wp\/v2\/product_tag?post=537"}],"curies":[{"name":"wp","href":"https:\/\/api.w.org\/{rel}","templated":true}]}}