{"id":8802,"date":"2023-11-13T13:47:49","date_gmt":"2024-05-20T19:50:46","guid":{"rendered":"https:\/\/grandhotel-alingsas.se\/?post_type=product&#038;p=8802"},"modified":"2026-02-05T16:23:16","modified_gmt":"2026-02-05T15:23:16","slug":"bicycle","status":"publish","type":"product","link":"https:\/\/grandhotel-alingsas.se\/en\/produkt\/bicycle\/","title":{"rendered":"Bicycle Package"},"content":{"rendered":"<p><a class=\"single_add_to_cart_button button alt\" href=\"https:\/\/app.mews.com\/distributor\/3f9d6bf2-5165-4feb-9161-b3e10162f1a5\" target=\"_blank\" rel=\"nofollow noopener noreferrer\">BOOK NOW<\/a><\/p>\n<p><strong>Alings\u00e5s and V\u00e5rg\u00e5rda offers amazing biking experiences in a varied nature, and between the bike rides you can have a cozy time in the \u201cCaf\u00e9-town\u201d Alings\u00e5s and sleeps well at Grand Hotel. <\/strong><\/p>\n<p>Alings\u00e5s is a town surrounded with lakes and nature with a beautiful countryside. There are also lots of nice stops along the way for food or \u201cfika\u201d. You do not have to travel far for this experience, and the trails are good for both the friend group as well as the family. <a href=\"https:\/\/grandhotel-alingsas.se\/wp-content\/uploads\/2023\/05\/Alingsas_cykelkarta_2020.pdf\">Read more and download maps of nice trails in the area with stops for \u201dfika\u201d or swimming &gt;&gt; <\/a><\/p>\n<p><strong>Price: 1395 SEK per person with arrival Friday or Saturday<\/strong><\/p>\n<p><strong>The package includes:<\/strong><\/p>\n<ul>\n<li>Accommodation in a double room for one night<\/li>\n<li>Breakfast buffet<\/li>\n<li>Fill up your thermos and some snacks to take with you<\/li>\n<li>A three-course dinner*<\/li>\n<li>Help to print out maps<\/li>\n<\/ul>\n<p><strong>We provide:<\/strong><\/p>\n<ul>\n<li>Possibility to rent a bike for 160 SEK per day including helmet<\/li>\n<li>Possibility to wash your bike<\/li>\n<li>Possibility to store your bike<\/li>\n<li>Possibility to wash clothes (for an additional cost)<\/li>\n<li>Additional charge for one person in a single room \u2013 400 SEK<\/li>\n<li>Extend your stay \u2013 extra night 700 SEK per person in a double room with breakfast buffet<\/li>\n<\/ul>\n<p>* Should the restaurant be closed or fully booked during your stay, we will arrange your dinner at the reputable Italian restaurant Momenti Liberi (600 meters from the hotel).<\/p>\n<p><strong>Booking \u201dBicycle package\u201d <\/strong>Online via reservation link down below or via email<strong>\u00a0<\/strong><a href=\"mailto:info@grandhotel-alingsas.se\"><strong>info@grandhotel-alingsas.se<\/strong><\/a><strong>\u00a0<\/strong>or telephone<strong>\u00a0+46322-670100<\/strong><\/p>\n<p><a href=\"https:\/\/www.vastsverige.com\/alingsas\/produkter\/varldscuprundan\/\" target=\"_blank\" rel=\"noopener noreferrer\"><img loading=\"lazy\" decoding=\"async\" class=\"alignnone wp-image-3325\" src=\"https:\/\/grandhotel-alingsas.se\/wp-content\/uploads\/2019\/05\/Cykelpaket-Grand-Hotel-Alingsas-3.jpg\" alt=\"Cykelpaket-Grand-Hotel-Alingsas-3\" width=\"500\" height=\"200\" srcset=\"https:\/\/grandhotel-alingsas.se\/wp-content\/uploads\/2019\/05\/Cykelpaket-Grand-Hotel-Alingsas-3.jpg 1000w, https:\/\/grandhotel-alingsas.se\/wp-content\/uploads\/2019\/05\/Cykelpaket-Grand-Hotel-Alingsas-3-510x204.jpg 510w, https:\/\/grandhotel-alingsas.se\/wp-content\/uploads\/2019\/05\/Cykelpaket-Grand-Hotel-Alingsas-3-300x120.jpg 300w, https:\/\/grandhotel-alingsas.se\/wp-content\/uploads\/2019\/05\/Cykelpaket-Grand-Hotel-Alingsas-3-768x307.jpg 768w, https:\/\/grandhotel-alingsas.se\/wp-content\/uploads\/2019\/05\/Cykelpaket-Grand-Hotel-Alingsas-3-240x96.jpg 240w, https:\/\/grandhotel-alingsas.se\/wp-content\/uploads\/2019\/05\/Cykelpaket-Grand-Hotel-Alingsas-3-200x80.jpg 200w, https:\/\/grandhotel-alingsas.se\/wp-content\/uploads\/2019\/05\/Cykelpaket-Grand-Hotel-Alingsas-3-400x160.jpg 400w, https:\/\/grandhotel-alingsas.se\/wp-content\/uploads\/2019\/05\/Cykelpaket-Grand-Hotel-Alingsas-3-600x240.jpg 600w, https:\/\/grandhotel-alingsas.se\/wp-content\/uploads\/2019\/05\/Cykelpaket-Grand-Hotel-Alingsas-3-800x320.jpg 800w\" sizes=\"(max-width: 500px) 100vw, 500px\" \/><\/a><\/p>\n<p style=\"text-align: left;\"><strong>Click on the links down below to find 4 nice biking trails around Alings\u00e5s:<\/strong><\/p>\n<h4 style=\"text-align: left;\"><strong><a href=\"https:\/\/www.vastsverige.com\/alingsas\/produkter\/varldscuprundan\/\" target=\"_blank\" rel=\"noopener noreferrer\">V\u00c4RLDSCUPRUNDAN &gt;&gt;<\/a><\/strong><\/h4>\n<h4 style=\"text-align: left;\"><strong><a href=\"https:\/\/www.vastsverige.com\/alingsas\/produkter\/backigt-i-bollebygd\/\" target=\"_blank\" rel=\"noopener noreferrer\">BACKIGT I BOLLEBYGD &gt;&gt;<\/a><\/strong><\/h4>\n<h4><strong><a href=\"https:\/\/www.vastsverige.com\/alingsas\/produkter\/harliga-harskogen\/\" target=\"_blank\" rel=\"noopener noreferrer\">H\u00c4RLIGA H\u00c4RSKOGEN &gt;&gt;<\/a><\/strong><\/h4>\n<h4><strong><a href=\"https:\/\/www.vastsverige.com\/alingsas\/produkter\/risvedenturen\/\" target=\"_blank\" rel=\"noopener noreferrer\">RISVEDENTUREN &gt;&gt;<\/a><\/strong><\/h4>\n<h4><strong>New Cycle route between Gothenburg &#8211; Falk\u00f6ping: <a href=\"https:\/\/www.vastsverige.com\/naturupplevelser\/cykla\/cykelleder-och-cykelkartor\/ljungleden\/\" target=\"_blank\" rel=\"noopener\">LJUNGLEDEN &gt;&gt;<\/a><\/strong><\/h4>\n<p><a class=\"single_add_to_cart_button button alt\" href=\"https:\/\/app.mews.com\/distributor\/3f9d6bf2-5165-4feb-9161-b3e10162f1a5\" target=\"_blank\" rel=\"nofollow noopener noreferrer\">BOOK NOW<\/a><\/p>\n","protected":false},"excerpt":{"rendered":"<p>BOOK NOW Alings\u00e5s and V\u00e5rg\u00e5rda offers amazing biking experiences in a varied nature, and between the bike rides you can have a cozy time in the \u201cCaf\u00e9-town\u201d Alings\u00e5s and sleeps [&hellip;]<\/p>\n","protected":false},"featured_media":7811,"comment_status":"closed","ping_status":"closed","template":"","meta":{"_et_pb_use_builder":"off","_et_pb_old_content":"","_et_gb_content_width":""},"product_cat":[53],"product_tag":[],"_links":{"self":[{"href":"https:\/\/grandhotel-alingsas.se\/en\/wp-json\/wp\/v2\/product\/8802"}],"collection":[{"href":"https:\/\/grandhotel-alingsas.se\/en\/wp-json\/wp\/v2\/product"}],"about":[{"href":"https:\/\/grandhotel-alingsas.se\/en\/wp-json\/wp\/v2\/types\/product"}],"replies":[{"embeddable":true,"href":"https:\/\/grandhotel-alingsas.se\/en\/wp-json\/wp\/v2\/comments?post=8802"}],"wp:featuredmedia":[{"embeddable":true,"href":"https:\/\/grandhotel-alingsas.se\/en\/wp-json\/wp\/v2\/media\/7811"}],"wp:attachment":[{"href":"https:\/\/grandhotel-alingsas.se\/en\/wp-json\/wp\/v2\/media?parent=8802"}],"wp:term":[{"taxonomy":"product_cat","embeddable":true,"href":"https:\/\/grandhotel-alingsas.se\/en\/wp-json\/wp\/v2\/product_cat?post=8802"},{"taxonomy":"product_tag","embeddable":true,"href":"https:\/\/grandhotel-alingsas.se\/en\/wp-json\/wp\/v2\/product_tag?post=8802"}],"curies":[{"name":"wp","href":"https:\/\/api.w.org\/{rel}","templated":true}]}}